{"id":79,"date":"2013-11-27T11:59:33","date_gmt":"2013-11-27T11:59:33","guid":{"rendered":"http:\/\/sadirilodge.com\/?page_id=79"},"modified":"2014-01-23T13:04:02","modified_gmt":"2014-01-23T13:04:02","slug":"la-aventura-sadiri-lodge","status":"publish","type":"page","link":"http:\/\/sadirilodge.com\/fr\/la-aventura-sadiri-lodge\/","title":{"rendered":"La Aventura Sadiri Lodge"},"content":{"rendered":"<h5><img loading=\"lazy\" decoding=\"async\" class=\"size-medium wp-image-71 alignright\" alt=\"IMG_2391\" src=\"http:\/\/sadirilodge.com\/wp-content\/uploads\/2013\/11\/IMG_2391-300x200.jpg\" width=\"300\" height=\"200\" srcset=\"http:\/\/sadirilodge.com\/wp-content\/uploads\/2013\/11\/IMG_2391-300x200.jpg 300w, http:\/\/sadirilodge.com\/wp-content\/uploads\/2013\/11\/IMG_2391-222x148.jpg 222w, http:\/\/sadirilodge.com\/wp-content\/uploads\/2013\/11\/IMG_2391-212x141.jpg 212w, http:\/\/sadirilodge.com\/wp-content\/uploads\/2013\/11\/IMG_2391.jpg 1000w\" sizes=\"auto, (max-width: 300px) 100vw, 300px\" \/><\/h5>\n<h5>Que signifie Sadiri<\/h5>\n<p>L\u00b4origine du mot Sadiri vient du Tacana \u201cS\u00b4hadiri\u201d signifiant \u201cle vieux\u00a0 lieu de repos\u201d. Sadiri est situ\u00e9 dans la montagne, en bordure du chemin \u00a0allant de Tumupasa \u00e0 la communaut\u00e9 de San Jos\u00e9 de Uchupiamonas. Ce chemin compos\u00e9 de fortes montees et descentes etait epuisant pour les voyageurs, Sadiri \u00e9tait l\u00b4unique lieu o\u00f9 ils pouvaient s\u00b4 arreter et prendre un peu de repos.<\/p>\n<h5>La richesse et la diversite de Sadiri<\/h5>\n<p>Sadiri se situe au nord du departement de la Paz, \u00e0 l\u00b4interieur du Parc National Madidi. Le lodge se trouve dans la Zone 1 du territoiure de la communaute indigene de San Jos\u00e9 de Uchupiamonas. Cette Zone 1 a ete defini lors du \u201c Plan de Developpement et Gestion du Territoire de la Communaute de San Jos\u00e9 de Uchupiamonas\u201d, en vue de proteger les ressources naturelles de 34.000 hectares \u00a0et d\u00b4y\u00a0 developper des projets d ecotourisme generant des revenus pour\u00a0 la population locale.<\/p>\n<p>Sadiri Lodge est proche du sommet de la Montagne Sadiri dont le point culminant est\u00a0 \u00e0 de 1100 m d\u00b4altitude.\u00a0 Le principe de la Cordill\u00e8re des Andes est que la premi\u00e8re cha\u00eene de montagne re\u00e7oit les vents dominants du nord et fait partie d&rsquo;une cha\u00eene du premier mouvement de terrain dans les montagnes, o\u00f9 le plus haut sommet atteint le sommet de 5000 m pr\u00e8s de La Paz.<\/p>\n<p>Les vents du nord passent par des milliers de km de la for\u00eat tropicale et atteignent la premi\u00e8re cha\u00eene de montagnes de la Cordill\u00e8re des Andeset suivent alors le relief et \u00a0s\u2019\u00e9l\u00e8vent tandis que la pression atmosph\u00e9rique diminue avec l&rsquo;altitude. La temp\u00e9rature de l&rsquo;air diminue et la vapeur d&rsquo;eau contenue dans l&rsquo;air se condense alors et tombe en pr\u00e9cipitation. Au sommet de la montagne \u00a0la diff\u00e9rence est bien marqu\u00e9e, du c\u00f4t\u00e9 nord se trouve \u00a0une for\u00eat semi-aride et du c\u00f4t\u00e9 sud une for\u00eat tres humide avec beaucoup d&rsquo;\u00e9piphytes.<\/p>\n<p><img loading=\"lazy\" decoding=\"async\" class=\"alignleft\" style=\"margin-top: 6px;\" alt=\"Sadiri Rainforest Lodge Bolivia (23)\" src=\"http:\/\/sadirilodge.com\/wp-content\/uploads\/2013\/11\/Sadiri-Rainforest-Lodge-Bolivia-23-300x199.jpg\" width=\"300\" height=\"199\" \/><\/p>\n<p>Dans les forets tropicales, l\u00b4equation est simple, la diversite et l\u00b4abondance \u00a0de la faune et de la flore sont liees au niveau des precipitations. La montagne Sadiri recoit \u00a0le double de\u00a0 precipitation des endroits avoisinants. Cette zone abonde en especes adaptees aux micros changemets de l\u00b4habitat forestier de contreforts. A quelques kilometres, au sud\u00a0 et aux pieds de la \u00a0Montagne Sadiri, se trouve la foret tropicale humide avec une forte diversite de faune et de flore liee au niveau de precipitation le plus elevee de la zone. Sadiri est donc une zone o\u00f9 se trouve une foret de contreforts riche et diversifiee abritant des especes tropicales adaptees \u00e0 \u00a0l habitat de contrefort et quelques especes vivant seulement en zone forestiere de base altitude. Au nord de la Montagne \u00a0se trouve \u00a0les plaines du Beni (Pampa), o\u00f9 l\u00b4on peut observer certaines esp\u00e8ces de plaines et des esp\u00e8ces migratrices pendant l hiver.<\/p>\n","protected":false},"excerpt":{"rendered":"<p>Que signifie Sadiri L\u00b4origine du mot Sadiri vient du Tacana \u201cS\u00b4hadiri\u201d signifiant \u201cle vieux\u00a0 lieu de repos\u201d. Sadiri est situ\u00e9 dans la montagne, en bordure du chemin \u00a0allant de Tumupasa \u00e0 la communaut\u00e9 de San Jos\u00e9 de Uchupiamonas. Ce chemin compos\u00e9 de fortes montees et descentes etait epuisant pour les voyageurs, Sadiri \u00e9tait l\u00b4unique lieu [&hellip;]<\/p>\n","protected":false},"author":4,"featured_media":0,"parent":0,"menu_order":0,"comment_status":"closed","ping_status":"closed","template":"","meta":{"_acf_changed":false,"footnotes":""},"class_list":["post-79","page","type-page","status-publish","hentry"],"acf":[],"_links":{"self":[{"href":"http:\/\/sadirilodge.com\/fr\/wp-json\/wp\/v2\/pages\/79","targetHints":{"allow":["GET"]}}],"collection":[{"href":"http:\/\/sadirilodge.com\/fr\/wp-json\/wp\/v2\/pages"}],"about":[{"href":"http:\/\/sadirilodge.com\/fr\/wp-json\/wp\/v2\/types\/page"}],"author":[{"embeddable":true,"href":"http:\/\/sadirilodge.com\/fr\/wp-json\/wp\/v2\/users\/4"}],"replies":[{"embeddable":true,"href":"http:\/\/sadirilodge.com\/fr\/wp-json\/wp\/v2\/comments?post=79"}],"version-history":[{"count":11,"href":"http:\/\/sadirilodge.com\/fr\/wp-json\/wp\/v2\/pages\/79\/revisions"}],"predecessor-version":[{"id":472,"href":"http:\/\/sadirilodge.com\/fr\/wp-json\/wp\/v2\/pages\/79\/revisions\/472"}],"wp:attachment":[{"href":"http:\/\/sadirilodge.com\/fr\/wp-json\/wp\/v2\/media?parent=79"}],"curies":[{"name":"wp","href":"https:\/\/api.w.org\/{rel}","templated":true}]}}