{"id":60,"date":"2013-11-26T16:35:58","date_gmt":"2013-11-26T16:35:58","guid":{"rendered":"http:\/\/sadirilodge.com\/?page_id=60"},"modified":"2017-10-03T09:00:34","modified_gmt":"2017-10-03T09:00:34","slug":"home-2","status":"publish","type":"page","link":"http:\/\/sadirilodge.com\/fr\/","title":{"rendered":"Home"},"content":{"rendered":"<h1>Bienvenue \u00e0 Sadiri Lodge<\/h1>\n<table class=\"cos-table\">\n<tbody>\n<tr>\n<td>Comme tout projet, Sadiri Lodge est n\u00e9 d\u00b4une idee le 5 mai 2008, lors de la Grande Assembl\u00e9e de la Communaute Indig\u00e8ne de San Jos\u00e9\u00a0 d\u00b4Uchupiamonas lorsque Ruth Alipaz, Sandro Valdez et Bennett Hennessey ont propose de d\u00e9velopper un projet touristique dans la Montagne Sadiri.<\/p>\n<p>L\u00b4origine du mot Sadiri vient du Tacana \u201cS\u00b4hadiri\u201d signifiant \u201cle vieux\u00a0 lieu de repos\u201d. Sadiri est situ\u00e9 dans la montagne, en bordure du chemin \u00a0allant de Tumupasa \u00e0 la communaut\u00e9 de San Jos\u00e9 de Uchupiamonas. Ce chemin compos\u00e9 de fortes montees et descentes etait epuisant pour les voyageurs, Sadiri \u00e9tait l\u00b4unique lieu o\u00f9 ils pouvaient s\u00b4 arreter et prendre un peu de repos.<\/td>\n<td><iframe loading=\"lazy\" title=\"Birding Bolivia\" width=\"500\" height=\"281\" src=\"https:\/\/www.youtube.com\/embed\/E4h4tm7SBV8?feature=oembed\" frameborder=\"0\" allow=\"accelerometer; autoplay; clipboard-write; encrypted-media; gyroscope; picture-in-picture; web-share\" referrerpolicy=\"strict-origin-when-cross-origin\" allowfullscreen><\/iframe><\/td>\n<\/tr>\n<\/tbody>\n<\/table>\n","protected":false},"excerpt":{"rendered":"<p>Bienvenue \u00e0 Sadiri Lodge Comme tout projet, Sadiri Lodge est n\u00e9 d\u00b4une idee le 5 mai 2008, lors de la Grande Assembl\u00e9e de la Communaute Indig\u00e8ne de San Jos\u00e9\u00a0 d\u00b4Uchupiamonas lorsque Ruth Alipaz, Sandro Valdez et Bennett Hennessey ont propose de d\u00e9velopper un projet touristique dans la Montagne Sadiri. L\u00b4origine du mot Sadiri vient du [&hellip;]<\/p>\n","protected":false},"author":4,"featured_media":0,"parent":0,"menu_order":0,"comment_status":"closed","ping_status":"closed","template":"home-page.php","meta":{"_acf_changed":false,"footnotes":""},"class_list":["post-60","page","type-page","status-publish","hentry"],"acf":[],"_links":{"self":[{"href":"http:\/\/sadirilodge.com\/fr\/wp-json\/wp\/v2\/pages\/60","targetHints":{"allow":["GET"]}}],"collection":[{"href":"http:\/\/sadirilodge.com\/fr\/wp-json\/wp\/v2\/pages"}],"about":[{"href":"http:\/\/sadirilodge.com\/fr\/wp-json\/wp\/v2\/types\/page"}],"author":[{"embeddable":true,"href":"http:\/\/sadirilodge.com\/fr\/wp-json\/wp\/v2\/users\/4"}],"replies":[{"embeddable":true,"href":"http:\/\/sadirilodge.com\/fr\/wp-json\/wp\/v2\/comments?post=60"}],"version-history":[{"count":23,"href":"http:\/\/sadirilodge.com\/fr\/wp-json\/wp\/v2\/pages\/60\/revisions"}],"predecessor-version":[{"id":531,"href":"http:\/\/sadirilodge.com\/fr\/wp-json\/wp\/v2\/pages\/60\/revisions\/531"}],"wp:attachment":[{"href":"http:\/\/sadirilodge.com\/fr\/wp-json\/wp\/v2\/media?parent=60"}],"curies":[{"name":"wp","href":"https:\/\/api.w.org\/{rel}","templated":true}]}}