{"id":242,"date":"2013-11-29T11:13:35","date_gmt":"2013-11-29T11:13:35","guid":{"rendered":"http:\/\/sadirilodge.com\/?page_id=242"},"modified":"2014-01-23T12:55:58","modified_gmt":"2014-01-23T12:55:58","slug":"la-communaute-indigene-de-san-jose-duchupiamonas","status":"publish","type":"page","link":"http:\/\/sadirilodge.com\/fr\/la-communaute-indigene-de-san-jose-duchupiamonas\/","title":{"rendered":"La communaute indigene de San Jose D\u00b4uchupiamonas"},"content":{"rendered":"<h5>Localisation de la communaute<\/h5>\n<p>Le communaute de San\u00a0 Jos\u00e9 d&rsquo;Uchupiamonas est composee\u00a0 de 116 familles et compte 750 habitants (\u201cPlan de developpement et de Gestion du territoire Indigene de San Jos\u00e9 d\u00b4Uchupiamonas\u201d \u00a02009).<\/p>\n<div class=\"read-more-btn\"><a href=\"#\" class=\"read-more\">Lire plus ...<\/a><\/div><div class=\"more-block\"><\/p>\n<p>San-Jos\u00e9 d&rsquo;Uchupiamonas se trouve \u00e0 l interieur du Parc National Madidi, au nord-ouest de la Bolivie, dans le D\u00e9partement de la Paz. Il y a deux possibilites pour s\u00b4y \u00a0rendre, en bateau le voyage dure 9 heures depuis Rurrenabaque. Par voie terrestre, il faut emprunter la route de Tumupasa puis le le chemin de la montagne Sadiri sur 32 km. Ce dernier est absolument impraticable, pour les voitures, durant la moitie de l\u00b4ann\u00e9e.<\/p>\n<p><\/div><div class=\"horizontalSeparator margin20\"><\/div>\n<h5>Fondation du village<\/h5>\n<p>Le peuple indig\u00e8ne Quechua-Tacana s&rsquo;identifie comme descendants de la tribu Uchupiamonas. Le village a \u00e9t\u00e9 fond\u00e9 dans la vall\u00e9e du fleuve Tuichi, en 1616, sur l&rsquo;initiative conjointe de moines franciscains et de Marcelino Cusirimay d&rsquo;origine chiquitano.<\/p>\n<div class=\"read-more-btn\"><a href=\"#\" class=\"read-more\">Lire plus ...<\/a><\/div><div class=\"more-block\"><\/p>\n<p>Selon nos anc\u00eatres, la premi\u00e8re mission \u00e9tait situ\u00e9e sur le site que l&rsquo;on appelle depuis les temps anciens \u201cTullullani\u201d (lieu o\u00f9 sont les os en langue quechua), \u00e0 une heure de navigation en remontant le Tuichi.<\/p>\n<p>L&rsquo;\u00e9crivain Fran\u00e7ais Alcides D\u00b4Orbigny dans son libre, \u00ab\u00a0Description G\u00e9ographique, Historique et Statistique de la Bolivie\u00a0\u00bb, disait de San Jos\u00e9: \u00a0\u00bb Mon s\u00e9jour ne peut \u00eatre plus agr\u00e9able, il semble que la nature s&rsquo;est plue \u00e0 r\u00e9pandre ses dons en ces lieux sauvages avec une prodigalit\u00e9 digne de \u00a0la terre promise. L&rsquo;\u00e9tranger qui arrive \u00e0 SanJos\u00e9, reste muet d&rsquo;admiration devant une v\u00e9g\u00e9tation tellement belle et la vari\u00e9t\u00e9 de fruits qui abondent\u201d.<\/p>\n<p><\/div><div class=\"horizontalSeparator margin20\"><\/div>\n<h5>Histoire de la communaut\u00e9<\/h5>\n<p>L&rsquo;histoire des indig\u00e8nes Uchupiamonas est tr\u00e8s difficile \u00e0 caract\u00e9riser \u00e9tant donn\u00e9 que les registres de contr\u00f4le ne diff\u00e9rencient pas l\u00b4histoire de la communaut\u00e9 avec les r\u00e9cits Tacana \u00a0en g\u00e9n\u00e9ral. Dans ce contexte, nous avons recuper\u00e9 ce qui est dit dans le texte \u00ab\u00a0Ethnographie Pr\u00e9liminaire\u00a0\u00bb, document interne de&#8230;<\/p>\n<div class=\"read-more-btn\"><a href=\"#\" class=\"read-more\">Lire plus ...<\/a><\/div><div class=\"more-block\"><\/p>\n<p>Conservation Internationale : Le peuple Tacana est consid\u00e9r\u00e9 par l&rsquo;ethnographie classique comme faisant partie de la nation des \u00ab\u00a0chunchos\u201d nom assign\u00e9 par les Incas puis par les Espagnols \u00e0 tous les groupes ethniques qui habitaient l&rsquo;espace g\u00e9ographique situ\u00e9 entre les derniers contreforts des Andes, les plaines orientales \u00a0et la foret amazonienne. Pour les Incas et les Espagnols les \u00ab\u00a0chunchos\u00a0\u00bb faisaient partie de la nature et pour cette raison les consideraient comme des sauvages. D\u00b4autre part les descriptions peu rigouresues sont li\u00e9es \u00e0 l\u00b4immensit\u00e9 de cette zone se situant entre les andes et l amazonie et surnomm\u00e9e \u201cTerre de personne\u201d.<\/p>\n<p>Cependant gr\u00e2ce \u00e0 des recherches r\u00e9centes, on pense que cette aire importante constituait le \u00ab\u00a0Taypi\u00a0\u00bb ou le point interm\u00e9diaire et de m\u00e9diation entre les terres hautes et basses des villages am\u00e9ricains (ROMERO BEDREGAL, 1967, 1989, SAIGNES 1985).<\/p>\n<p>C\u00b4est donc \u00e0 partir des contributions de l&rsquo;arch\u00e9ologie et des avanc\u00e9es de l&rsquo;ethnographie qu\u00b4il est desormais possible de conclure que les peuples qui habitaient cette zone avaient d\u00e9velopp\u00e9 des soci\u00e9t\u00e9s organis\u00e9es en petits groupes, satisfaisant leurs besoins basiques gr\u00e2ce \u00e0 la chasse, la p\u00eache, \u00a0la culture de la yucca\u00a0 ((Portugal Ortiz, 1978). Selon la tradition orale Tacana, les relations avec\u00a0 les Incas \u00e9taient plut\u00f4t pacifiques (&#8230;) ce que demontrent les derni\u00e8res recherches en indiquant qu\u00b4il existait une relation commerciale et sociale active dans les deux sens.<\/p>\n<p>C\u00b4est ainsi que les espagnols Sarmiento de Gamboa et Garcilaso de la Vega, ont pu conclure que c&rsquo;\u00e9tait l&rsquo;Inca Tupac Yupanqui, dont la dynastie dura de 1471 \u00e0 1494, qui a dirig\u00e9 les premi\u00e8res incursions Incas en territoire Tacanas. Par la suite, c est l&rsquo;Inca Wayna K\u00e1pac qui a maintenu la domination Inca jusqu&rsquo;\u00e0 l&rsquo;arriv\u00e9e des Espagnols en 1540. (ROMERO BEDREGAL Romero, 1989).<\/p>\n<p>Des preuves arch\u00e9ologiques confirment ces faits. Un ar\u00edbalo Inca (n\u00b0 3141 NAM Mus\u00e9e Arch\u00e9ologique National) ainsi qu\u00b4une hache (n\u00b0 862 MNA)\u00a0 ont \u00e9t\u00e9 trouv\u00e9s par un pasteur de Rurrenabaque provenant de Baba Trau. A cet \u00e9gard, Portugal affirme (1978) qu\u00b4il n\u00b4y a aucun doute sur le fait que ces objets soient Incas et que cela est\u00a0 une preuve arch\u00e9ologique ind\u00e9niable confirmant ce que disent les chroniques et les histoires sur la\u00a0 p\u00e9n\u00e9tration Inca dans les\u00a0 basses terres et dans les zones tropicales.<\/p>\n<p>Les Espagnols avec l\u00b4aide des franciscains et des j\u00e9suites ont poursuivi leur conqu\u00eate. Les premiers pass\u00e9rent par la r\u00e9gion d\u00b4Apollo. (&#8230;) En 1680, cette conquete fut couronn\u00e9e de succ\u00e8s par la creation et l\u00b4administration des missions de l\u00b4Apolamba, comprenant les missions de San Jos\u00e9 de Uchupiamonas \u00e9tablie en 1716, celle de la Trinit\u00e9-des Jariapu ou Tumupasa en 1713 et de San Antonio de Isllamas en 1712. (ROMERO BEDREGAL, 1989).<\/p>\n<p>Les documents consult\u00e9s montrent que les missionnaires Franciscains, avant la r\u00e9sistance des groupes autochtones habitant les berges des fleuves Tu\u00edchi, Yuriyapu et Turiyapu, ont \u00e9t\u00e9 contraints d\u00b4enlever certaines personnes de diff\u00e9rentes ethnies (Tacana, Leco, Chama et Uchupiamona) pour les emmener \u00e0 la Mission de la Concepci\u00f3n Apolobamba, fond\u00e9e en 1690, avec 600 indig\u00e8nes dont\u00a0 plus de 70% \u00e9taient des Quechua.<\/p>\n<p><\/div><div class=\"horizontalSeparator margin20\"><\/div>\n<h5>Les activites socio economiques<\/h5>\n<p>Le village de la communaute indigene de San Jos\u00e9 de Uchupiamonas occupe un territoire ancestrale de 210.056 ha. dans le parc Madidi, au nord de la Paz.<\/p>\n<div class=\"read-more-btn\"><a href=\"#\" class=\"read-more\">Lire plus ...<\/a><\/div><div class=\"more-block\"><\/p>\n<p>Actuellement, il y a deux facons d\u00b4aller \u00e0 San Jos\u00e9, par voie fluviale et par voie terrestre. Il faut compter 9 heures de bateau, avec un moteur hors bord ( la communaut\u00e9 n\u00b4en possede pas) pour se rendre \u00e0 San Jos\u00e9. En radeau, le voyage prend 3 jours et est tres dangereux. Par voie terrestre, il existe un chemin entre Tumupasa et San Jos\u00e9, d\u00b4environ 30 km. Ce dernier est dangereux et ne peut \u00eatre emprunt\u00e9 que 6 mois sur douze en raison des fortes pluies.<\/p>\n<p>De plus, il faut ajouter que les couts de transport sont si eleves qu\u00b4ils rendent impossibles la commercialisation des produits de la communaut\u00e9.<\/p>\n<p>Les activites economiques reposent sur des activites de subsistance tels que la chasse, la p\u00eache, la culture et l&rsquo;\u00e9levage. L&rsquo;utilisation des ressources naturelles, notamment le bois, sert uniquement \u00e0 la construction des maisons et pour cuisiner.<\/p>\n<p>La communaut\u00e9 tire ses principales sources de revenus de l\u00b4entreprise touristique Chalalan, projet communautaire d\u00b4ecotourisme reconnu au niveau international.<\/p>\n<p>Le \u00abPlan de D\u00e9veloppement et de Gestion du Territoire Indigene de San Jos\u00e9 d\u00b4Uchupiamonas\u00a0\u00bb (PDGTI-SJU) vise \u00e0 syst\u00e9matiser clairement les souhaits de la population en terme de d\u00e9veloppement humain; d&rsquo;utilisation, d&rsquo;occupation du territoire et de gestion des ressources naturelles. D\u00b4\u00e9valuer les menaces et de concevoir un programme permettant d\u00b4atteindre les objectifs de la communaut\u00e9 et de faire face aux menaces.<br \/>\nAvec ce document, la communaut\u00e9 a exprim\u00e9 sa volont\u00e9 de conserver ses us et coutumes \u00a0au niveau de l&rsquo;organisation de la communaute et de garder son style traditionnel dans toutes ses constructions.<\/p>\n<p>Carte de zonage macro et\u00a0 Plan de D\u00e9veloppement et de Gestion du Territoire Indigene\u00a0 de San Jos\u00e9 d\u00b4Uchupiamonas (PDGTI).<\/p>\n<p><img loading=\"lazy\" decoding=\"async\" class=\"aligncenter size-full wp-image-233\" alt=\"img\" src=\"http:\/\/sadirilodge.com\/wp-content\/uploads\/2013\/11\/img.jpg\" width=\"700\" height=\"913\" srcset=\"http:\/\/sadirilodge.com\/wp-content\/uploads\/2013\/11\/img.jpg 700w, http:\/\/sadirilodge.com\/wp-content\/uploads\/2013\/11\/img-230x300.jpg 230w\" sizes=\"auto, (max-width: 700px) 100vw, 700px\" \/><\/p>\n<p><\/div><div class=\"horizontalSeparator margin20\"><\/div>\n<h5>Les institutions<\/h5>\n<p>Dans la communaut\u00e9, il ya diff\u00e9rentes institutions locales telles que: l&rsquo;organisation territoriale de base (OTB), le Comit\u00e9 Civique, le Juge de Paix, \u00a0l&rsquo;Agent Cantonal, les parents de la commission scolaire, Le club de M\u00e9res, le Comit\u00e9 des Sports, le Comit\u00e9 de l\u00b4Eau, le Comit\u00e9 du Tourisme et de l\u00b4environnement.<\/p>\n<div class=\"horizontalSeparator margin20\"><\/div>\n<h5>La topograpgie et l\u00b4hydrographie<\/h5>\n<p>Nous d\u00e9finissons la topographie du village comme un petit plateau entour\u00e9 de canyons et de pentes dans un paysage montagneux. L&rsquo;hydrographie \u00a0d\u00e9pend principalement de la riviere \u00a0Tu\u00edchi situ\u00e9 \u00e0 2 km au sud et de plusieurs cours d&rsquo;eau voisins dont la rivi\u00e8re Pavi et Uchupiama \u00e0\u00a0 environ 2 km \u00e0 l&rsquo;ouest.<\/p>\n<div class=\"horizontalSeparator margin20\"><\/div>\n<h5>Climat et temperature<\/h5>\n<p>San Jose d\u00b4Uchupiamonas se trouve \u00e0 517 m d altitude. Selon le Service national de m\u00e9t\u00e9orologie et d&rsquo;hydrologie de Bolivie (2002), les pr\u00e9cipitations annuelles sont de 1.927 mm. La saison des pluies va de novembre \u00e0 f\u00e9vrier, et la saison s\u00e8che correspond aux mois de mai \u00e0 octobre.<\/p>\n<div class=\"read-more-btn\"><a href=\"#\" class=\"read-more\">Lire plus ...<\/a><\/div><div class=\"more-block\"><\/p>\n<p>La temp\u00e9rature moyenne est de 25 \u00ba C, les temp\u00e9ratures les plus \u00e9lev\u00e9es surviennent entre octobre et janvier et peuvent atteindre 33 \u00b0 C. De mars \u00e0 juin des vents froids font baisser\u00a0 les temp\u00e9rature \u00a0en dessous des 10 \u00b0 C \u00a0et provoquent ainsi une brusque augmentation de l&rsquo;humidit\u00e9 due a de \u00a0l\u00e9g\u00e8res pluies.<\/p>\n<p><\/div><div class=\"horizontalSeparator margin20\"><\/div>\n","protected":false},"excerpt":{"rendered":"<p>Localisation de la communaute Le communaute de San\u00a0 Jos\u00e9 d&rsquo;Uchupiamonas est composee\u00a0 de 116 familles et compte 750 habitants (\u201cPlan de developpement et de Gestion du territoire Indigene de San Jos\u00e9 d\u00b4Uchupiamonas\u201d \u00a02009). Fondation du village Le peuple indig\u00e8ne Quechua-Tacana s&rsquo;identifie comme descendants de la tribu Uchupiamonas. Le village a \u00e9t\u00e9 fond\u00e9 dans la vall\u00e9e [&hellip;]<\/p>\n","protected":false},"author":4,"featured_media":0,"parent":0,"menu_order":0,"comment_status":"closed","ping_status":"closed","template":"","meta":{"_acf_changed":false,"footnotes":""},"class_list":["post-242","page","type-page","status-publish","hentry"],"acf":[],"_links":{"self":[{"href":"http:\/\/sadirilodge.com\/fr\/wp-json\/wp\/v2\/pages\/242","targetHints":{"allow":["GET"]}}],"collection":[{"href":"http:\/\/sadirilodge.com\/fr\/wp-json\/wp\/v2\/pages"}],"about":[{"href":"http:\/\/sadirilodge.com\/fr\/wp-json\/wp\/v2\/types\/page"}],"author":[{"embeddable":true,"href":"http:\/\/sadirilodge.com\/fr\/wp-json\/wp\/v2\/users\/4"}],"replies":[{"embeddable":true,"href":"http:\/\/sadirilodge.com\/fr\/wp-json\/wp\/v2\/comments?post=242"}],"version-history":[{"count":6,"href":"http:\/\/sadirilodge.com\/fr\/wp-json\/wp\/v2\/pages\/242\/revisions"}],"predecessor-version":[{"id":457,"href":"http:\/\/sadirilodge.com\/fr\/wp-json\/wp\/v2\/pages\/242\/revisions\/457"}],"wp:attachment":[{"href":"http:\/\/sadirilodge.com\/fr\/wp-json\/wp\/v2\/media?parent=242"}],"curies":[{"name":"wp","href":"https:\/\/api.w.org\/{rel}","templated":true}]}}