{"id":221,"date":"2013-11-29T09:11:13","date_gmt":"2013-11-29T09:11:13","guid":{"rendered":"http:\/\/sadirilodge.com\/?page_id=221"},"modified":"2014-01-23T12:52:20","modified_gmt":"2014-01-23T12:52:20","slug":"loge-sur-sadiri","status":"publish","type":"page","link":"http:\/\/sadirilodge.com\/fr\/loge-sur-sadiri\/","title":{"rendered":"Loge sur Sadiri"},"content":{"rendered":"<h5>L histoire du project<\/h5>\n<p>Comme tout projet, Sadiri Lodge est n\u00e9 d\u00b4une idee le 5 mai 2008, lors de la Grande Assembl\u00e9e de la Communaute Indig\u00e8ne de San Jos\u00e9\u00a0 d\u00b4Uchupiamonas lorsque Ruth Alipaz, Sandro Valdez et Bennett Hennessey ont propose de d\u00e9velopper un projet touristique dans la Montagne Sadiri.<\/p>\n<div class=\"read-more-btn\"><a href=\"#\" class=\"read-more\">Lire plus ...<\/a><\/div><div class=\"more-block\"><\/p>\n<p>Ils ont ensemble travaill\u00e9 sur les aspects techniques du projet. Ruth et Sandro ont ensuite travaille sur les conditions requises par les autorit\u00e9s de la communaut\u00e9 et celles du Parc National Madidi. Ils ont rencontre de fortes resistances de la part de certains menbres de la communaute et de l\u00b4ancienne Directrice du parc. En effet, la zone de Sadiri etait destinee \u00e0 devenir une zone d exploitation forestiere de 31.000 hectares. En echange de cette exploitation, la compagnie forestiere proposait \u00e0 la communaute de lui construire une route et de lui fournir l\u00b4acces \u00e0 l\u00b4energie.<\/p>\n<p>L ambition de Sadiri lodge etait de proposer \u00e0 \u00a0la communaute de San Jos\u00e9 d Uchupiamonas une alternative economique, sociale, environnementale et durable\u00a0 \u00e0 la coupe de bois dans cette zone.<\/p>\n<p>Lors des demarches pour s acquitter des conditions requises au developpement du projet, \u00a0les autorit\u00e9s ont indique que ce dernier ne pouvait pas \u00eatre approuv\u00e9 car le territoire de la communaute n avait pas de zonage. De plus, rien n\u00b4indiquait que le futur lieu du projet \u00e9tait adequate \u00e0 l\u00b4observation des oiseaux. Cela en depit des r\u00e9sultats d&rsquo;une \u00e9tude, du Dr. Peter Hosner, sur les forets de contreforts les mieux conserv\u00e9s et diversifi\u00e9s, demontrant que Sadiri est l\u00b4un des sites avec le meilleur potentiel pour l\u00b4ornithologie en Bolivie.<\/p>\n<p>Les autorit\u00e9s de la communaute utilisaient l&rsquo;argument de ne pas avoir \u00a0de plan d&rsquo;usage du territoire pour ne pas approuver Sadiri Lodge. D &lsquo;un autre c\u00f4t\u00e9 elles etaient pretes a signer \u00a0l\u00b4offre de concession forestiere en echange d \u00fane route et de l \u00e1cces a l\u00b4electricite.<\/p>\n<p>Nous avons donc demande\u00a0 aux autorites de n accepter aucune concession sur son territoire tant que l ensemble de la communaute n aurait pas defini le zonage.<\/p>\n<p>C\u00b4est ainsi que la communaut\u00e9 et les autorit\u00e9s ont \u00e9labor\u00e9 le \u201cPlan de D\u00e9veloppement et de Gestion du Territoire Indig\u00e8ne du San Jos\u00e9 de Uchupiamonas\u201d. Nous remercions Sandro Valdez, Ricardo Cuqui, Rosario Barradas, Yhovani Valdez, Rolando Kookie, Teresa Morales, Marcelo Blanco et Ruth Alipaz, qui se sont battus pour que la zone de la Montagne Sadiri soit \u00a0declaree, en septembre 2009, \u00a0\u201cZone 1 Refuge Toristique\u201d et que son but soit de proteger les ressources naturelles de 34.000 hectares et d\u00b4y developper des projets de tourisme durable beneficiant \u00e0 la communaute.<\/p>\n<p>Le 22 fevrier 2010, les autorites de San Jos\u00e9 de Uchupiamonas ont otroye \u00e0 l\u00b4entreprise \u201cAsociaci\u00f3n Tur\u00edstica Sadiri Lodge\u201d, compos\u00e9e de 75 personnes de la communaute, \u00a0la gesti\u00f3n de la zone 1 pour developper son projet de tourisme durable \u201cSADIRI LODGE\u201d et pour proteger un territoire de 34.000 hectares.<\/p>\n<p><\/div><div class=\"horizontalSeparator margin20\"><\/div>\n<h5>Comment avons nous developpe Sadiri Lodge?<\/h5>\n<p>Initialement, l&rsquo;initiative de d\u00e9velopper un projet touristique \u00e0 Sadiri etait l idee de l agence de tourisme Bird Bolivia specialisee dans l observation des oiseaux. Cette agence se trouve a Santa Cruz de la Sierra et appartient \u00e0 Ruth Alipaz qui est native de San Jos\u00e9 de Uchupiamonas. Il s\u00b4agissait \u00e0 la base de developer un petit projet touristique. Un des objectifs de Bird Bolivia est de soutenir les communautes \u00e0 travers la promotion de ses sites touristiques.<\/p>\n<div class=\"read-more-btn\"><a href=\"#\" class=\"read-more\">Lire plus ...<\/a><\/div><div class=\"more-block\"><\/p>\n<p>Un sejour fut vendu \u00e0 Douglas James Wilson, une personne cle de l\u00b4histoire de Sadiri. Nous souhaitons le remercier pour son amour et son action pour proteger l environnement. En visitant le projet d ecotourisme communautaire \u201cChalalan\u201d, Douglas James Wison s est rendue compte de la richesse et de la diversite bioligique du Parc Madidi et a souhai\u00e9 \u00a0participer \u00e0 la conservation de cet endroit.<\/p>\n<p>Apr\u00e8s son sejour \u00e0 Chalalan, il a visit\u00e9 la zone de Sadiri pour voir l etat des for\u00eats du territoire de San Jos\u00e9 de Uchupiamonas. Il prit alors la decision de nous soutenir dans notre projet de construction d\u00b4un bungalow pour 4 personnes pouvant\u00a0 accueillir les touristes de Bird Bolivia.<\/p>\n<p>C est ainsi que Bird Bolivia a decid\u00e9 de faire un projet plus ambitieux et\u00a0 d\u00b4y impliquer les personnes de la communaut\u00e9 souhaitant y participer.<\/p>\n<p>Il \u00e9tait alors essentiel de trouver un moyen d&rsquo;obtenir les fonds que M. Douglas James Wilson avait d\u00e9cid\u00e9 de donner par le biais de sa fondation THOMAS HENRY WILSON FONDATION.\u00a0 Pour cela\u00a0 nous avons developpe\u00a0 la FONDATION PUEBLO NUEVO, une organisation Bolivienne \u00e0 but non lucratif. Cette derniere est l executrice du projet et a pour objectifs de soutenir les communautes indigenes et la conservation.<\/p>\n<p><\/div><div class=\"horizontalSeparator margin20\"><\/div>\n<h5>La participation de la communaute<\/h5>\n<p>75 personnes de la communaute indigene de San Jos\u00e9 de Uchupiamonas sont partenaires de Sadiri Lodge. 40 femmes et 35 hommes composent \u201cl\u00b4Association Touristique Sadiri Lodge\u201d. Cette organisation \u00e0 but non lucratif, \u00e0 travers son initiative d\u00b4\u00e9cotourisme specialise dans l\u00b4observation des oiseaux, \u00e0 pour objectif de contribuer \u00e0 la protection, \u00e0 la conservation de la Madre Tierra, d\u00b4ameliorer les conditions de vie de la communaut\u00e9 et de preserver sa culture.<\/p>\n<div class=\"read-more-btn\"><a href=\"#\" class=\"read-more\">Lire plus ...<\/a><\/div><div class=\"more-block\"><\/p>\n<p>98% de l\u00b4execution du projet a ete realis\u00e9e par les 75 partenaires. Chacun a travaill\u00e9 25 jours, apport\u00e9 et achet\u00e9 du materiel pour la construction du lodge. L\u00b4equipe d\u00b4operation touristique est uniquement compos\u00e9e de membres de la communaute.<\/p>\n<p><\/div><div class=\"horizontalSeparator margin20\"><\/div>\n<h5>Nos objectifs<\/h5>\n<p>L&rsquo;objectif principal de Sadiri Lodge, \u00e0 cout terme, \u00e9tait de proposer une alternative economique pour sauver cette zone forestiere de 30.000 ha\u00a0 dont la richesse naturelle menacait sa propre existence. Bien que cette zone soit protegee par le Parc National Madidi, cette foret primaire attire les exploitations forestieres dont l&rsquo;objectif est d&rsquo;exploiter des bois precieux comme le mara\u00a0<b>(Swietenia macrophyllan),\u00a0\u00a0<\/b>le\u00a0<b>c\u00e8dre (n.c)<\/b>\u00a0, et d&rsquo;autres esp\u00e8ces.<\/p>\n<div class=\"read-more-btn\"><a href=\"#\" class=\"read-more\">Lire plus ...<\/a><\/div><div class=\"more-block\"><\/p>\n<p>Le deuxi\u00e8me objectif, sur le court et moyen terme, \u00a0est d&rsquo;am\u00e9liorer les conditions de vie de la communaute de San Jos\u00e9 d&rsquo;Uchupiamonas, dont les habitants souhaitent continuer \u00a0\u00e0 vivre en harmonie avec la nature. De creer des conditions d\u00b4 acces \u00e0 la sante, l education, l electricite et des moyens de communication avec la ville afin de diminuer la vuln\u00e9rabilite croissante de la culture et des \u00a0ressouces forestieres et naturelles.<\/p>\n<p>Le troisi\u00e8me objectif est de g\u00e9n\u00e9rer de plus grandes opportunit\u00e9s de d\u00e9veloppement socio-\u00e9conomique sur le long terme.Contribuer \u00e0 ce que la culture, \u00a0la richesse des forets et des ressources naturelles de la communaute \u00a0perdurent grace \u00e0 cette initiative ecotouristique et avec le developpemnet des capacites et d autres activites economiques.<\/p>\n<p><\/div><div class=\"horizontalSeparator margin20\"><\/div>\n<h5>Codes de conduite<\/h5>\n<div class=\"horizontalSeparator margin20\"><\/div>\n","protected":false},"excerpt":{"rendered":"<p>L histoire du project Comme tout projet, Sadiri Lodge est n\u00e9 d\u00b4une idee le 5 mai 2008, lors de la Grande Assembl\u00e9e de la Communaute Indig\u00e8ne de San Jos\u00e9\u00a0 d\u00b4Uchupiamonas lorsque Ruth Alipaz, Sandro Valdez et Bennett Hennessey ont propose de d\u00e9velopper un projet touristique dans la Montagne Sadiri. Comment avons nous developpe Sadiri Lodge? [&hellip;]<\/p>\n","protected":false},"author":4,"featured_media":0,"parent":0,"menu_order":0,"comment_status":"closed","ping_status":"closed","template":"","meta":{"_acf_changed":false,"footnotes":""},"class_list":["post-221","page","type-page","status-publish","hentry"],"acf":[],"_links":{"self":[{"href":"http:\/\/sadirilodge.com\/fr\/wp-json\/wp\/v2\/pages\/221","targetHints":{"allow":["GET"]}}],"collection":[{"href":"http:\/\/sadirilodge.com\/fr\/wp-json\/wp\/v2\/pages"}],"about":[{"href":"http:\/\/sadirilodge.com\/fr\/wp-json\/wp\/v2\/types\/page"}],"author":[{"embeddable":true,"href":"http:\/\/sadirilodge.com\/fr\/wp-json\/wp\/v2\/users\/4"}],"replies":[{"embeddable":true,"href":"http:\/\/sadirilodge.com\/fr\/wp-json\/wp\/v2\/comments?post=221"}],"version-history":[{"count":8,"href":"http:\/\/sadirilodge.com\/fr\/wp-json\/wp\/v2\/pages\/221\/revisions"}],"predecessor-version":[{"id":453,"href":"http:\/\/sadirilodge.com\/fr\/wp-json\/wp\/v2\/pages\/221\/revisions\/453"}],"wp:attachment":[{"href":"http:\/\/sadirilodge.com\/fr\/wp-json\/wp\/v2\/media?parent=221"}],"curies":[{"name":"wp","href":"https:\/\/api.w.org\/{rel}","templated":true}]}}