{"id":175,"date":"2013-11-27T13:42:18","date_gmt":"2013-11-27T13:42:18","guid":{"rendered":"http:\/\/sadirilodge.com\/?page_id=175"},"modified":"2014-01-23T13:01:21","modified_gmt":"2014-01-23T13:01:21","slug":"nos-activites","status":"publish","type":"page","link":"http:\/\/sadirilodge.com\/fr\/nos-activites\/","title":{"rendered":"Nos Activites"},"content":{"rendered":"<h5><img loading=\"lazy\" decoding=\"async\" class=\"alignright size-medium wp-image-159\" alt=\"Sadiri Rainforest Lodge Bolivia (21)\" src=\"http:\/\/sadirilodge.com\/wp-content\/uploads\/2013\/11\/Sadiri-Rainforest-Lodge-Bolivia-21-300x199.jpg\" width=\"300\" height=\"199\" srcset=\"http:\/\/sadirilodge.com\/wp-content\/uploads\/2013\/11\/Sadiri-Rainforest-Lodge-Bolivia-21-300x199.jpg 300w, http:\/\/sadirilodge.com\/wp-content\/uploads\/2013\/11\/Sadiri-Rainforest-Lodge-Bolivia-21-1024x682.jpg 1024w, http:\/\/sadirilodge.com\/wp-content\/uploads\/2013\/11\/Sadiri-Rainforest-Lodge-Bolivia-21-222x148.jpg 222w, http:\/\/sadirilodge.com\/wp-content\/uploads\/2013\/11\/Sadiri-Rainforest-Lodge-Bolivia-21-212x141.jpg 212w, http:\/\/sadirilodge.com\/wp-content\/uploads\/2013\/11\/Sadiri-Rainforest-Lodge-Bolivia-21.jpg 1280w\" sizes=\"auto, (max-width: 300px) 100vw, 300px\" \/><\/h5>\n<h5>Que voir?<\/h5>\n<p>Sadiri Lodge est situe \u00e0 une altitude de 900 m au milieu de l amazonie. Le lodge est entour\u00e9 d\u00b4une abondante \u00a0foret de contreforts de montagne o\u00f9 plus de 400 especes d oiseaux ont ete recencees, dont \u00a0le Military-Macaw (<i>Ara militaris<\/i>), neuf esp\u00e8ces d&rsquo;hiboux, les tangaras, et l\u00b4 endemique Yungas Tyrannulet (<i>Phyllomyias weedeni<\/i>). Vous pourrez aussi observer de nombreux mammif\u00e8res, insectes, reptiles, arachnides et amphibiens.<\/p>\n<p>Les 33.000 ha que protege Sadiri Lodge et son initiative ecotouristique sont un espoir pour la communaute de San Jos\u00e9 de Uchupiamonas. Ce projet \u00a0permet d\u00b4ameliorer les conditions de vie de sa population, \u00e0 maintenir sa culture et \u00e0 \u00a0proteger la biodiverite de son territoire.<\/p>\n<h5>Liste des oiseaux.\u00a0Au rytme de la nature<\/h5>\n<ul>\n<li>Les activit\u00e9s que nous vous proposons :<\/li>\n<li>Des promenades sur les sentiers specialement concus pour l&rsquo;observation d&rsquo;oiseaux, plus de 400 esp\u00e8ces ont \u00e9te recensees \u00e0 Sadiri.<\/li>\n<li>Marcher dans la zone \u201cKulpana\u201d o\u00f9 vous pourrez observer diferentes especes de mammiferes.<\/li>\n<li>Observer le monde color\u00e9 des insectes, des arachnides, des reptiles, des amphibiens et d\u00b4une \u00a0grande diversite\u00a0 de papillons.<\/li>\n<li>Profiter des promenades nocturnes pour observer d\u00b4autres especes de mammiferes, d\u00b4insectes et les neuf esp\u00e8ces d&rsquo;hiboux presentes \u00e0 Sadiri.<\/li>\n<li>Emprunter le chemin \u00e9cologique de \u00a0la communaute de San Jos\u00e9 d&rsquo;Uchupiamonas pour appr\u00e9cier et admirer les chemins que les anciennes communautes parcouraient pour echanger des biens entre les habitants des hautes terres et des basses terres et qui constituent une\u00a0 partie importante de notre histoire actuelle.<\/li>\n<li>Apprecier le doux murmure des ruisseaux d&rsquo;eaux cristallines se trouvant le long du chemin \u00e9cologique.<\/li>\n<li>Plonger dans les eaux fra\u00eeches du ruisseau Wabudajajaida ou Paltuyuj.<\/li>\n<li>Apprendre \u00e0 fabriquer des outils avec les ressources de la foret et les differents usages des plantes medicinales.<\/li>\n<li>Admirer \u00a0l\u00b4etendue et la richesse de la foret depuis les miradors.<\/li>\n<li>\u00c9couter les histoires sur le \u201cWabudajajaida\u201d.<\/li>\n<li>Apprecier, se d\u00e9tendre, contempler et ressentir la paix que vous apporte une nature intacte et la chaleur des gens vous accueillant.<\/li>\n<\/ul>\n<p><a class=\"back\" href=\"http:\/\/sadirilodge.com\/fr\/sejours-et-services\/\">Retour<\/a><\/p>\n","protected":false},"excerpt":{"rendered":"<p>Que voir? Sadiri Lodge est situe \u00e0 une altitude de 900 m au milieu de l amazonie. Le lodge est entour\u00e9 d\u00b4une abondante \u00a0foret de contreforts de montagne o\u00f9 plus de 400 especes d oiseaux ont ete recencees, dont \u00a0le Military-Macaw (Ara militaris), neuf esp\u00e8ces d&rsquo;hiboux, les tangaras, et l\u00b4 endemique Yungas Tyrannulet (Phyllomyias weedeni). [&hellip;]<\/p>\n","protected":false},"author":4,"featured_media":0,"parent":0,"menu_order":0,"comment_status":"closed","ping_status":"closed","template":"","meta":{"_acf_changed":false,"footnotes":""},"class_list":["post-175","page","type-page","status-publish","hentry"],"acf":[],"_links":{"self":[{"href":"http:\/\/sadirilodge.com\/fr\/wp-json\/wp\/v2\/pages\/175","targetHints":{"allow":["GET"]}}],"collection":[{"href":"http:\/\/sadirilodge.com\/fr\/wp-json\/wp\/v2\/pages"}],"about":[{"href":"http:\/\/sadirilodge.com\/fr\/wp-json\/wp\/v2\/types\/page"}],"author":[{"embeddable":true,"href":"http:\/\/sadirilodge.com\/fr\/wp-json\/wp\/v2\/users\/4"}],"replies":[{"embeddable":true,"href":"http:\/\/sadirilodge.com\/fr\/wp-json\/wp\/v2\/comments?post=175"}],"version-history":[{"count":3,"href":"http:\/\/sadirilodge.com\/fr\/wp-json\/wp\/v2\/pages\/175\/revisions"}],"predecessor-version":[{"id":467,"href":"http:\/\/sadirilodge.com\/fr\/wp-json\/wp\/v2\/pages\/175\/revisions\/467"}],"wp:attachment":[{"href":"http:\/\/sadirilodge.com\/fr\/wp-json\/wp\/v2\/media?parent=175"}],"curies":[{"name":"wp","href":"https:\/\/api.w.org\/{rel}","templated":true}]}}