{"id":167,"date":"2013-11-27T13:38:15","date_gmt":"2013-11-27T13:38:15","guid":{"rendered":"http:\/\/sadirilodge.com\/?page_id=167"},"modified":"2017-10-03T12:30:34","modified_gmt":"2017-10-03T12:30:34","slug":"nos-services","status":"publish","type":"page","link":"http:\/\/sadirilodge.com\/fr\/nos-services\/","title":{"rendered":"Nos Services"},"content":{"rendered":"<h5><b><img loading=\"lazy\" decoding=\"async\" class=\"alignright size-medium wp-image-156\" src=\"http:\/\/sadirilodge.com\/wp-content\/uploads\/2013\/11\/073-Icterus-icterus-Sadiri_Bolivia-by-Daniel-Alarcon-300x200.jpg\" alt=\"073 Icterus icterus Sadiri_Bolivia by Daniel Alarcon\" width=\"300\" height=\"200\" srcset=\"http:\/\/sadirilodge.com\/wp-content\/uploads\/2013\/11\/073-Icterus-icterus-Sadiri_Bolivia-by-Daniel-Alarcon-300x200.jpg 300w, http:\/\/sadirilodge.com\/wp-content\/uploads\/2013\/11\/073-Icterus-icterus-Sadiri_Bolivia-by-Daniel-Alarcon-1024x682.jpg 1024w, http:\/\/sadirilodge.com\/wp-content\/uploads\/2013\/11\/073-Icterus-icterus-Sadiri_Bolivia-by-Daniel-Alarcon-222x148.jpg 222w, http:\/\/sadirilodge.com\/wp-content\/uploads\/2013\/11\/073-Icterus-icterus-Sadiri_Bolivia-by-Daniel-Alarcon-212x141.jpg 212w, http:\/\/sadirilodge.com\/wp-content\/uploads\/2013\/11\/073-Icterus-icterus-Sadiri_Bolivia-by-Daniel-Alarcon.jpg 1600w\" sizes=\"auto, (max-width: 300px) 100vw, 300px\" \/><\/b>Facilities<\/h5>\n<p><b><\/b>The infrastructure, which was conceived, designed, created, and built in a traditional style offers comfortable accommodation in a lodge with 6 cabins with 12 beds, private bathrooms, hot water, trilingual guides specialized in bird watching, and is managed and administered by the indigenous people of San Jos\u00e9 de Uchupiamonas, only three hours away from Rurrenabaque by land, the urban and tourism center of Bolivia&rsquo;s Amazon.<\/p>\n<h5>What You Will Enjoy<\/h5>\n<p>So you can enjoy the lush natural beauty of Sadiri, Sadiri Lodge offers facilities, amenities and services tailored exactly to your requirement and need:<\/p>\n<ul>\n<li>Local trillingual guide service (English-Spanish-Quechua) specialized in birdwatching, and Uchupiamonas culture and nature. Servicio de\u00a0gu\u00edas nativos\u00a0triling\u00fces ingl\u00e9s-espa\u00f1ol-quechua\u00a0especializados en observaci\u00f3n de aves, naturaleza y cultura\u00a0Uchupiamonas.<\/li>\n<li>Provision of specialized birdwatching equipment. Disposici\u00f3n de equipos especializados para observaci\u00f3n de aves.<\/li>\n<li>Transportation in comfortable 4&#215;4, air-conditioned vehicles\u00a0 Aeropuerto-Sadiri\u00a0Lodge-Aeropuerto.<\/li>\n<li>Lodging in cabins surrounded by lush nature, spacious rooms with furniture arrangements for your belongings and to write or read.<\/li>\n<li>Electricity from hours 6:00 to 8:00 and 17:00 to 22:00.<\/li>\n<li>Provision of flashlights for every visitor for hours of the night when there is no electricity.<\/li>\n<li>Bottled or filtered water (for drinking or brushing teeth).<\/li>\n<li>Private bathroom with hot water from gas water heaters.<\/li>\n<li>Rooms with double beds, comfortable semi-orthopedic, appropriate for your height.<\/li>\n<li>Bird watching from the dining platform, overlooking a heavenly landscape.<\/li>\n<li>Service bar where you can sip on refreshing seasonal fruit juices and alcoholic drinks.<\/li>\n<li>Electrical trail lighting system to and from cabins for easy switching on and off of lights from where you are.<\/li>\n<li>Sanitary system that abides the environmental requirements of a protected area.<\/li>\n<li>Provision of vehicle to tour Tourist Refuge area and ecological path of the Indigenous Territory of San Jos\u00e9 de Uchupiamonas.<\/li>\n<li>Meals according to your preference (vegetarian and non-vegetarian) with international and\u00a0 local combined cuisine. All prepared with love by our specially trained chefs from the San Jose de Uchupiamonas community.<\/li>\n<li>Snacks for hikes.<\/li>\n<li>Permanent access to a coffee area in the \u00ab\u00a0Micuna Huasi\u00a0\u00bb dining room.<\/li>\n<li>Breakfast service set in time for birdwatchers or your own preferred schedule until 9:00 a.m..<\/li>\n<li>Telephone access if necessary.<\/li>\n<li>Professional staff to provide you with the quality service you deserve.<\/li>\n<\/ul>\n<p><a class=\"back\" href=\"http:\/\/sadirilodge.com\/tours-and-services\/\">Back<\/a><\/p>\n","protected":false},"excerpt":{"rendered":"<p>Facilities The infrastructure, which was conceived, designed, created, and built in a traditional style offers comfortable accommodation in a lodge with 6 cabins with 12 beds, private bathrooms, hot water, trilingual guides specialized in bird watching, and is managed and administered by the indigenous people of San Jos\u00e9 de Uchupiamonas, only three hours away from [&hellip;]<\/p>\n","protected":false},"author":4,"featured_media":0,"parent":0,"menu_order":0,"comment_status":"closed","ping_status":"closed","template":"","meta":{"_acf_changed":false,"footnotes":""},"class_list":["post-167","page","type-page","status-publish","hentry"],"acf":[],"_links":{"self":[{"href":"http:\/\/sadirilodge.com\/fr\/wp-json\/wp\/v2\/pages\/167","targetHints":{"allow":["GET"]}}],"collection":[{"href":"http:\/\/sadirilodge.com\/fr\/wp-json\/wp\/v2\/pages"}],"about":[{"href":"http:\/\/sadirilodge.com\/fr\/wp-json\/wp\/v2\/types\/page"}],"author":[{"embeddable":true,"href":"http:\/\/sadirilodge.com\/fr\/wp-json\/wp\/v2\/users\/4"}],"replies":[{"embeddable":true,"href":"http:\/\/sadirilodge.com\/fr\/wp-json\/wp\/v2\/comments?post=167"}],"version-history":[{"count":8,"href":"http:\/\/sadirilodge.com\/fr\/wp-json\/wp\/v2\/pages\/167\/revisions"}],"predecessor-version":[{"id":605,"href":"http:\/\/sadirilodge.com\/fr\/wp-json\/wp\/v2\/pages\/167\/revisions\/605"}],"wp:attachment":[{"href":"http:\/\/sadirilodge.com\/fr\/wp-json\/wp\/v2\/media?parent=167"}],"curies":[{"name":"wp","href":"https:\/\/api.w.org\/{rel}","templated":true}]}}