{"id":146,"date":"2013-11-27T12:57:44","date_gmt":"2013-11-27T12:57:44","guid":{"rendered":"http:\/\/sadirilodge.com\/?page_id=146"},"modified":"2017-10-03T08:57:08","modified_gmt":"2017-10-03T08:57:08","slug":"sejours-et-services","status":"publish","type":"page","link":"http:\/\/sadirilodge.com\/fr\/sejours-et-services\/","title":{"rendered":"Sejours et Services"},"content":{"rendered":"<h5>Notre garantie<\/h5>\n<ul>\n<li>Nous accueillons de petits groupes afin que chacun puisse decouvrir et observer la nature tout en minimisant les impacts sur l environnement.<\/li>\n<li>Un personnel qualifi\u00e9 s adaptant \u00e0 vos horaires afin que vous puissiez pleinement profiter de la nature et de votre sejour.<\/li>\n<li>Nous possedons une grande experience et connaissance de la foret, nous y sommes n\u00e9s et nous y vivons.<\/li>\n<li>Nous vous offrons differentes possibilites de decouvrir l amazonie bolivienne, une des forets primaires les mieux conserves d amerique du sud et du monde.<\/li>\n<li>Les lodges sont construits avec des materiaux traditionnels dans le style Quechua-Tacana. Chacun possede l electricite et une salle de bain privee avec eau chaude.<\/li>\n<li>Nous avons en permanence un v\u00e9hicule \u00e0 disposition pour vous transporter en cas de besoin \u00a0au centre medical\u00a0 le plus proche (20 minutes).<\/li>\n<li>Un service de blanchisserie est \u00e0 votre disposition pour une contribution minimale.<\/li>\n<li>En cas de besoin nous vous pretons des bottes en cahoutchouc et des ponchos de pluie<\/li>\n<\/ul>\n<h5>Comment se rendre \u00e0 Sadiri<\/h5>\n<p>Sadiri Lodge est situe dans le territoire de la communaute de San Jos\u00e9 de uchupiamonas, au nord-est de la Paz et \u00e0 l interieur du Parc National Madidi. Pour se rendre \u00e0 Sadiri, il faut passer par la ville de Rurrenabaque (410 Km de la Paz) et traverser le fleuve Beni en bateau jusqu \u00e0 San Buenaventura. Il faut ensuite emprunter la route se rendant \u00e0 Tumupasa pour un voyage en 4&#215;4 de trois heures. Arriv\u00e9 \u00e0 Tumupasa, il ne reste plus qu \u00e0 parcourir quelques km de chemin de montagne et vous etes arrives \u00e0 Sadiri Lodge.<\/p>\n<h5>Les transports<\/h5>\n<p>Il y a deux types de moyen de transport pour arriver \u00e0 Rurrenabaque, terrestre et aerien. La compagnie Amaszonas \u00e0 5 vols quotidiens La Paz-Rurrenabaque-La Paz et Trinidad-Rurrenabaque 6 fois par semaine. La compagnie TAM ( Transporte Aero Militar)\u00a0 \u00e0 trois vols par semaine La Paz-Rurrenabaque-La Paz.<\/p>\n","protected":false},"excerpt":{"rendered":"<p>Notre garantie Nous accueillons de petits groupes afin que chacun puisse decouvrir et observer la nature tout en minimisant les impacts sur l environnement. Un personnel qualifi\u00e9 s adaptant \u00e0 vos horaires afin que vous puissiez pleinement profiter de la nature et de votre sejour. Nous possedons une grande experience et connaissance de la foret, [&hellip;]<\/p>\n","protected":false},"author":4,"featured_media":0,"parent":0,"menu_order":0,"comment_status":"closed","ping_status":"closed","template":"tours-and-services.php","meta":{"_acf_changed":false,"footnotes":""},"class_list":["post-146","page","type-page","status-publish","hentry"],"acf":[],"_links":{"self":[{"href":"http:\/\/sadirilodge.com\/fr\/wp-json\/wp\/v2\/pages\/146","targetHints":{"allow":["GET"]}}],"collection":[{"href":"http:\/\/sadirilodge.com\/fr\/wp-json\/wp\/v2\/pages"}],"about":[{"href":"http:\/\/sadirilodge.com\/fr\/wp-json\/wp\/v2\/types\/page"}],"author":[{"embeddable":true,"href":"http:\/\/sadirilodge.com\/fr\/wp-json\/wp\/v2\/users\/4"}],"replies":[{"embeddable":true,"href":"http:\/\/sadirilodge.com\/fr\/wp-json\/wp\/v2\/comments?post=146"}],"version-history":[{"count":18,"href":"http:\/\/sadirilodge.com\/fr\/wp-json\/wp\/v2\/pages\/146\/revisions"}],"predecessor-version":[{"id":542,"href":"http:\/\/sadirilodge.com\/fr\/wp-json\/wp\/v2\/pages\/146\/revisions\/542"}],"wp:attachment":[{"href":"http:\/\/sadirilodge.com\/fr\/wp-json\/wp\/v2\/media?parent=146"}],"curies":[{"name":"wp","href":"https:\/\/api.w.org\/{rel}","templated":true}]}}