{"id":77,"date":"2013-11-27T11:59:33","date_gmt":"2013-11-27T11:59:33","guid":{"rendered":"http:\/\/sadirilodge.com\/?page_id=77"},"modified":"2014-01-23T13:03:46","modified_gmt":"2014-01-23T13:03:46","slug":"area-sadiri-lodge","status":"publish","type":"page","link":"http:\/\/sadirilodge.com\/es\/area-sadiri-lodge\/","title":{"rendered":"Area Sadiri Lodge"},"content":{"rendered":"<p><img loading=\"lazy\" decoding=\"async\" class=\"size-medium wp-image-71 alignright\" alt=\"IMG_2391\" src=\"http:\/\/sadirilodge.com\/wp-content\/uploads\/2013\/11\/IMG_2391-300x200.jpg\" width=\"300\" height=\"200\" srcset=\"http:\/\/sadirilodge.com\/wp-content\/uploads\/2013\/11\/IMG_2391-300x200.jpg 300w, http:\/\/sadirilodge.com\/wp-content\/uploads\/2013\/11\/IMG_2391-222x148.jpg 222w, http:\/\/sadirilodge.com\/wp-content\/uploads\/2013\/11\/IMG_2391-212x141.jpg 212w, http:\/\/sadirilodge.com\/wp-content\/uploads\/2013\/11\/IMG_2391.jpg 1000w\" sizes=\"auto, (max-width: 300px) 100vw, 300px\" \/><\/p>\n<h5>\u00bfQu\u00e9 significa Sadiri?<\/h5>\n<p>Sadiri es una derivaci\u00f3n de la palabra Tacana S\u2019hadiri que significa: \u201cEl viejo lugar de descanso\u201d, que claramente hace alusi\u00f3n a su ubicaci\u00f3n de estar sobre una serran\u00eda, al cual se llega luego de salvar cinco kil\u00f3metros de subida desde Tumupasa y por el otro lado desde el Pueblo Ind\u00edgena San Jos\u00e9 de Uchupiamonas un tramo de subida mucho m\u00e1s largo hasta llegar a Sadiri donde es una parada obligada para descansar.<\/p>\n<h5>El valor de la zona<\/h5>\n<p>El \u00e1rea de Sadiri est\u00e1 ubicado en el departamento de La Paz, dentro del \u00c1rea Natural de Manejo Integrado y Parque Nacional Madidi y de la Zona 1 Refugio Tur\u00edstico del territorio del Pueblo Ind\u00edgena San Jos\u00e9 de Uchupiamonas \u00a0de acuerdo a la zonificaci\u00f3n establecida en \u201cEl Plan de Desarrollo y Gesti\u00f3n del Territorio Ind\u00edgena San Jos\u00e9 de Uchupiamonas\u201d (PDGTI), que ha definido esta zona con aproximadamente 34,000 ha como \u201cZona 1 Refugio Tur\u00edstico\u201d,\u00a0 cuyo objetivo\u00a0 es generar oportunidades para el ecoturismo con participaci\u00f3n y beneficio de la poblaci\u00f3n local y proteger los recursos naturales y nacientes de agua dulce.<\/p>\n<p><img loading=\"lazy\" decoding=\"async\" class=\" wp-image-73 alignleft\" alt=\"Sadiri Rainforest Lodge Bolivia (23)\" src=\"http:\/\/sadirilodge.com\/wp-content\/uploads\/2013\/11\/Sadiri-Rainforest-Lodge-Bolivia-23-300x199.jpg\" width=\"277\" height=\"184\" srcset=\"http:\/\/sadirilodge.com\/wp-content\/uploads\/2013\/11\/Sadiri-Rainforest-Lodge-Bolivia-23-300x199.jpg 300w, http:\/\/sadirilodge.com\/wp-content\/uploads\/2013\/11\/Sadiri-Rainforest-Lodge-Bolivia-23-222x148.jpg 222w, http:\/\/sadirilodge.com\/wp-content\/uploads\/2013\/11\/Sadiri-Rainforest-Lodge-Bolivia-23-212x141.jpg 212w, http:\/\/sadirilodge.com\/wp-content\/uploads\/2013\/11\/Sadiri-Rainforest-Lodge-Bolivia-23.jpg 1000w\" sizes=\"auto, (max-width: 277px) 100vw, 277px\" \/><\/p>\n<p>Sadiri Lodge est\u00e1 casi en la cima de la Serran\u00eda Sadiri que en su punto m\u00e1s alto tiene una altura de 1,100 msnm, es el principio de los Andes por lo que es la primera Serran\u00eda que recibe los vientos dominantes del norte y es parte de una cadena del primer movimiento de tierra hacia las monta\u00f1as, donde el pico m\u00e1s alto alcanza la cima de 5.000 msnm cerca a La Paz. Los vientos del norte que pasan miles de km de bosque plano tropical h\u00famedo, llegan a la primera Serran\u00eda de los Andes y con la subida a la altura dejan su carga de agua en lluvias en plenitud. En la cima de la Serran\u00eda la diferencia est\u00e1 bien marcada- el lado norte es un bosque semi-arido, pero el lado sur es un bosque muy h\u00famedo con abundancias de epifitas.<\/p>\n<p>En los bosques tropicales, la ecuaci\u00f3n es muy simple, diversidad y abundancia est\u00e1n directamente relacionadas con el nivel de precipitaci\u00f3n- y la Serran\u00eda Sadiri tiene un nivel doble de precipitaci\u00f3n a los lugares de su alrededor. El \u00e1rea abunda en especies, flora y fauna adaptada a los micro-cambios del h\u00e1bitat en el bosque pie-de-monte (foothills). La Serran\u00eda Sadiri es un lugar ideal para proteger las especies que dependen del h\u00e1bitat piedemonte. Pero tambi\u00e9n, algunos km debajo de la Serran\u00eda Sadiri sur, se puede encontrar un bosque h\u00famedo tropical (rainforest) con un alto nivel de diversidad por el m\u00e1s alto nivel de precipitaci\u00f3n en el \u00e1rea. El resultado, es un bosque piedemonte rico con una mezcla de especies tropicales con especies adaptadas, y algunos que solo viven en el delgado rango del bosque de baja altura.<\/p>\n<p>Tambi\u00e9n la situaci\u00f3n de la Serran\u00eda Sadiri que su lado norte est\u00e1 cerca a las llanuras de Beni (Pampas), donde tambi\u00e9n el \u00e1rea tiene una influencia de especies de pastizales y migrantes de pastizales en el invierno boliviano.<\/p>\n","protected":false},"excerpt":{"rendered":"<p>\u00bfQu\u00e9 significa Sadiri? Sadiri es una derivaci\u00f3n de la palabra Tacana S\u2019hadiri que significa: \u201cEl viejo lugar de descanso\u201d, que claramente hace alusi\u00f3n a su ubicaci\u00f3n de estar sobre una serran\u00eda, al cual se llega luego de salvar cinco kil\u00f3metros de subida desde Tumupasa y por el otro lado desde el Pueblo Ind\u00edgena San Jos\u00e9 [&hellip;]<\/p>\n","protected":false},"author":4,"featured_media":0,"parent":0,"menu_order":0,"comment_status":"closed","ping_status":"closed","template":"","meta":{"_acf_changed":false,"footnotes":""},"class_list":["post-77","page","type-page","status-publish","hentry"],"acf":[],"_links":{"self":[{"href":"http:\/\/sadirilodge.com\/es\/wp-json\/wp\/v2\/pages\/77","targetHints":{"allow":["GET"]}}],"collection":[{"href":"http:\/\/sadirilodge.com\/es\/wp-json\/wp\/v2\/pages"}],"about":[{"href":"http:\/\/sadirilodge.com\/es\/wp-json\/wp\/v2\/types\/page"}],"author":[{"embeddable":true,"href":"http:\/\/sadirilodge.com\/es\/wp-json\/wp\/v2\/users\/4"}],"replies":[{"embeddable":true,"href":"http:\/\/sadirilodge.com\/es\/wp-json\/wp\/v2\/comments?post=77"}],"version-history":[{"count":9,"href":"http:\/\/sadirilodge.com\/es\/wp-json\/wp\/v2\/pages\/77\/revisions"}],"predecessor-version":[{"id":471,"href":"http:\/\/sadirilodge.com\/es\/wp-json\/wp\/v2\/pages\/77\/revisions\/471"}],"wp:attachment":[{"href":"http:\/\/sadirilodge.com\/es\/wp-json\/wp\/v2\/media?parent=77"}],"curies":[{"name":"wp","href":"https:\/\/api.w.org\/{rel}","templated":true}]}}