{"id":56,"date":"2013-11-26T16:35:58","date_gmt":"2013-11-26T16:35:58","guid":{"rendered":"http:\/\/sadirilodge.com\/?page_id=56"},"modified":"2017-10-03T08:58:48","modified_gmt":"2017-10-03T08:58:48","slug":"home","status":"publish","type":"page","link":"http:\/\/sadirilodge.com\/es\/","title":{"rendered":"Home"},"content":{"rendered":"<h1>BIENVENIDOS A SADIRI LODGE<\/h1>\n<table class=\"cos-table\">\n<tbody>\n<tr>\n<td>Como todo, el proyecto nace como idea, y \u00e9ste naci\u00f3 el 05 de Mayo del 2008, cuando en la Gran Asamblea del Pueblo Ind\u00edgena San Jos\u00e9 de Uchupiamonas se presenta la propuesta de desarrollar turismo en la Serran\u00eda Sadiri. A partir de entonces las personas que concibieron la idea de este proyecto fueron Ruth Alipaz, Sandro Valdez y Bennett Hennessey, quienes trabajaron en los aspectos t\u00e9cnicos del mismo y las gestiones a nivel local para cumplir con todos los requisitos exigidos por las autoridades del Pueblo Ind\u00edgena San Jos\u00e9 de Uchupiamonas y el \u00c1rea Protegida Madidi fueron Sandro Valdez y Ruth Alipaz.<\/p>\n<p>Sadiri es una derivaci\u00f3n de la palabra Tacana S\u2019hadiri que significa: \u201cEl viejo lugar de descanso\u201d, que claramente hace alusi\u00f3n a su ubicaci\u00f3n de estar sobre una serran\u00eda, al cual se llega luego de salvar cinco kil\u00f3metros de subida desde Tumupasa y por el otro lado desde el Pueblo Ind\u00edgena San Jos\u00e9 de Uchupiamonas un tramo de subida mucho m\u00e1s largo hasta llegar a Sadiri donde es una parada obligada para descansar.<\/td>\n<td><iframe loading=\"lazy\" title=\"Birding Bolivia\" width=\"500\" height=\"281\" src=\"https:\/\/www.youtube.com\/embed\/E4h4tm7SBV8?feature=oembed\" frameborder=\"0\" allow=\"accelerometer; autoplay; clipboard-write; encrypted-media; gyroscope; picture-in-picture; web-share\" referrerpolicy=\"strict-origin-when-cross-origin\" allowfullscreen><\/iframe><\/td>\n<\/tr>\n<\/tbody>\n<\/table>\n","protected":false},"excerpt":{"rendered":"<p>BIENVENIDOS A SADIRI LODGE Como todo, el proyecto nace como idea, y \u00e9ste naci\u00f3 el 05 de Mayo del 2008, cuando en la Gran Asamblea del Pueblo Ind\u00edgena San Jos\u00e9 de Uchupiamonas se presenta la propuesta de desarrollar turismo en la Serran\u00eda Sadiri. A partir de entonces las personas que concibieron la idea de este [&hellip;]<\/p>\n","protected":false},"author":4,"featured_media":0,"parent":0,"menu_order":0,"comment_status":"closed","ping_status":"closed","template":"home-page.php","meta":{"_acf_changed":false,"footnotes":""},"class_list":["post-56","page","type-page","status-publish","hentry"],"acf":[],"_links":{"self":[{"href":"http:\/\/sadirilodge.com\/es\/wp-json\/wp\/v2\/pages\/56","targetHints":{"allow":["GET"]}}],"collection":[{"href":"http:\/\/sadirilodge.com\/es\/wp-json\/wp\/v2\/pages"}],"about":[{"href":"http:\/\/sadirilodge.com\/es\/wp-json\/wp\/v2\/types\/page"}],"author":[{"embeddable":true,"href":"http:\/\/sadirilodge.com\/es\/wp-json\/wp\/v2\/users\/4"}],"replies":[{"embeddable":true,"href":"http:\/\/sadirilodge.com\/es\/wp-json\/wp\/v2\/comments?post=56"}],"version-history":[{"count":20,"href":"http:\/\/sadirilodge.com\/es\/wp-json\/wp\/v2\/pages\/56\/revisions"}],"predecessor-version":[{"id":545,"href":"http:\/\/sadirilodge.com\/es\/wp-json\/wp\/v2\/pages\/56\/revisions\/545"}],"wp:attachment":[{"href":"http:\/\/sadirilodge.com\/es\/wp-json\/wp\/v2\/media?parent=56"}],"curies":[{"name":"wp","href":"https:\/\/api.w.org\/{rel}","templated":true}]}}