{"id":262,"date":"2013-11-29T13:05:05","date_gmt":"2013-11-29T13:05:05","guid":{"rendered":"http:\/\/sadirilodge.com\/?page_id=262"},"modified":"2025-06-26T04:46:30","modified_gmt":"2025-06-26T04:46:30","slug":"reservas-contacto","status":"publish","type":"page","link":"http:\/\/sadirilodge.com\/es\/reservas-contacto\/","title":{"rendered":"Reservas \/ Contacto"},"content":{"rendered":"<div class=\"halfsize\">\n<p><strong>Sadiri Lodge<\/strong><\/p>\n<p><strong>Tel\u00e9fono<br \/>\n<a href=\"tel:+591 6305 8922\">+591 6305 8922<\/a><a href=\"tel:+591 6305 8922\"><br \/>\n<\/a><a href=\"tel:+591 64256455\">+591 6425 6455<\/a><br \/>\n<\/strong><\/p>\n<p><strong>E-mail<br \/>\n<a href=\"mailto:ventas@sadirilodge.com\">ventas@sadirilodge.com<\/a><\/strong><br \/>\n<strong><a href=\"mailto:sadirilodge@gmail.com\">sadirilodge@gmail.com<\/a><\/strong><\/p>\n<p>Como el primer y \u00fanico albergue de este tipo en Bolivia, Sadiri Lodge se enorgullece de ofrecer una c\u00e1lida bienvenida a todos los observadores de aves, conservacionistas, amantes de la naturaleza y admiradores de las antiguas culturas vivas.<\/p>\n<p>Dise\u00f1ado especialmente como un refugio para observadores de aves, Sadiri Lodge busca ofrecer la satisfacci\u00f3n de un descubrimiento fruct\u00edfero para cada uno de sus visitantes, mano a mano con el apoyo de las comunidades ind\u00edgenas que actuar\u00e1n como anfitriones durante su estad\u00eda.<\/p>\n<\/div>\n<div class=\"halfsize\">\n\n<div class=\"wpcf7 no-js\" id=\"wpcf7-f7-o1\" lang=\"en-US\" dir=\"ltr\" data-wpcf7-id=\"7\">\n<div class=\"screen-reader-response\"><p role=\"status\" aria-live=\"polite\" aria-atomic=\"true\"><\/p> <ul><\/ul><\/div>\n<form action=\"\/es\/wp-json\/wp\/v2\/pages\/262#wpcf7-f7-o1\" method=\"post\" class=\"wpcf7-form init\" aria-label=\"Contact form\" novalidate=\"novalidate\" data-status=\"init\">\n<fieldset class=\"hidden-fields-container\"><input type=\"hidden\" name=\"_wpcf7\" value=\"7\" \/><input type=\"hidden\" name=\"_wpcf7_version\" value=\"6.1.5\" \/><input type=\"hidden\" name=\"_wpcf7_locale\" value=\"en_US\" \/><input type=\"hidden\" name=\"_wpcf7_unit_tag\" value=\"wpcf7-f7-o1\" \/><input type=\"hidden\" name=\"_wpcf7_container_post\" value=\"0\" \/><input type=\"hidden\" name=\"_wpcf7_posted_data_hash\" value=\"\" \/>\n<\/fieldset>\n<p>Your Name (required)\n<\/p>\n<p><span class=\"wpcf7-form-control-wrap\" data-name=\"your-name\"><input size=\"40\" maxlength=\"400\" class=\"wpcf7-form-control wpcf7-text wpcf7-validates-as-required\" aria-required=\"true\" aria-invalid=\"false\" value=\"\" type=\"text\" name=\"your-name\" \/><\/span>\n<\/p>\n<p>Your Email (required)\n<\/p>\n<p><span class=\"wpcf7-form-control-wrap\" data-name=\"your-email\"><input size=\"40\" maxlength=\"400\" class=\"wpcf7-form-control wpcf7-email wpcf7-validates-as-required wpcf7-text wpcf7-validates-as-email\" aria-required=\"true\" aria-invalid=\"false\" value=\"\" type=\"email\" name=\"your-email\" \/><\/span>\n<\/p>\n<p>Your Message\n<\/p>\n<p><span class=\"wpcf7-form-control-wrap\" data-name=\"your-message\"><textarea cols=\"40\" rows=\"5\" maxlength=\"2000\" class=\"wpcf7-form-control wpcf7-textarea\" aria-invalid=\"false\" name=\"your-message\"><\/textarea><\/span>\n<\/p>\n<p><input class=\"wpcf7-form-control wpcf7-submit has-spinner\" type=\"submit\" value=\"Send\" \/>\n<\/p><div class=\"wpcf7-response-output\" aria-hidden=\"true\"><\/div>\n<\/form>\n<\/div>\n\n<\/div>\n<p>&nbsp;<\/p>\n<p><iframe loading=\"lazy\" src=\"https:\/\/maps.google.com\/?ie=UTF8&amp;t=m&amp;ll=-14.3002,-68.2876&amp;spn=0.071828,0.326843&amp;z=7&amp;output=embed\" width=\"952\" height=\"300\" frameborder=\"0\" marginwidth=\"0\" marginheight=\"0\" scrolling=\"no\"><\/iframe><\/p>\n","protected":false},"excerpt":{"rendered":"<p>Sadiri Lodge Tel\u00e9fono +591 6305 8922 +591 6425 6455 E-mail ventas@sadirilodge.com sadirilodge@gmail.com Como el primer y \u00fanico albergue de este tipo en Bolivia, Sadiri Lodge se enorgullece de ofrecer una c\u00e1lida bienvenida a todos los observadores de aves, conservacionistas, amantes de la naturaleza y admiradores de las antiguas culturas vivas. Dise\u00f1ado especialmente como un refugio [&hellip;]<\/p>\n","protected":false},"author":4,"featured_media":0,"parent":0,"menu_order":0,"comment_status":"closed","ping_status":"closed","template":"","meta":{"_acf_changed":false,"footnotes":""},"class_list":["post-262","page","type-page","status-publish","hentry"],"acf":[],"_links":{"self":[{"href":"http:\/\/sadirilodge.com\/es\/wp-json\/wp\/v2\/pages\/262","targetHints":{"allow":["GET"]}}],"collection":[{"href":"http:\/\/sadirilodge.com\/es\/wp-json\/wp\/v2\/pages"}],"about":[{"href":"http:\/\/sadirilodge.com\/es\/wp-json\/wp\/v2\/types\/page"}],"author":[{"embeddable":true,"href":"http:\/\/sadirilodge.com\/es\/wp-json\/wp\/v2\/users\/4"}],"replies":[{"embeddable":true,"href":"http:\/\/sadirilodge.com\/es\/wp-json\/wp\/v2\/comments?post=262"}],"version-history":[{"count":9,"href":"http:\/\/sadirilodge.com\/es\/wp-json\/wp\/v2\/pages\/262\/revisions"}],"predecessor-version":[{"id":788,"href":"http:\/\/sadirilodge.com\/es\/wp-json\/wp\/v2\/pages\/262\/revisions\/788"}],"wp:attachment":[{"href":"http:\/\/sadirilodge.com\/es\/wp-json\/wp\/v2\/media?parent=262"}],"curies":[{"name":"wp","href":"https:\/\/api.w.org\/{rel}","templated":true}]}}