{"id":240,"date":"2013-11-29T11:13:35","date_gmt":"2013-11-29T11:13:35","guid":{"rendered":"http:\/\/sadirilodge.com\/?page_id=240"},"modified":"2014-01-23T12:54:59","modified_gmt":"2014-01-23T12:54:59","slug":"la-communaute-indigene-de-san-jose-duchupiamonas","status":"publish","type":"page","link":"http:\/\/sadirilodge.com\/es\/la-communaute-indigene-de-san-jose-duchupiamonas\/","title":{"rendered":"La comunidad de San Jos\u00e9 de Uchupiamonas"},"content":{"rendered":"<h5>Ubicaci\u00f3n del Pueblo Ind\u00edgena San Jos\u00e9 de Uchupiamonas<\/h5>\n<p>El pueblo ind\u00edgena San Jos\u00e9 de Uchupiamonas cuenta con 116 familias, que representa un total de 750 habitantes (Fuente: PGTI Uchupiamonas 2009).<\/p>\n<div class=\"read-more-btn\"><a href=\"#\" class=\"read-more\">Leer mas ...<\/a><\/div><div class=\"more-block\"><\/p>\n<p>El Pueblo Ind\u00edgena de San Jos\u00e9 de Uchupiamonas se encuentra ubicado al noroeste de Bolivia, en el Departamento de La Paz, Provincia Abel Iturralde, al interior del Parque Nacional y \u00c1rea Natural de Manejo Integrado Madidi a ocho horas en bote desde la poblaci\u00f3n de Rurrenabaque y acceso de 32 km v\u00eda terrestre por su camino ecol\u00f3gico desde el pueblo de Tumupasa hasta el Pueblo Ind\u00edgena San Jos\u00e9 de Uchupiamonas.<\/p>\n<p><\/div><div class=\"horizontalSeparator margin20\"><\/div>\n<h5>Fundaci\u00f3n del pueblo de San Jos\u00e9 de Uchupiamonas<\/h5>\n<p>El pueblo ind\u00edgena quechua-tacana pero cuyos habitantes se identifican como descendientes de la tribu Uchupiamonas, San Jos\u00e9 de Uchupiamonas, fue fundado el a\u00f1o 1616 por sacerdotes Franciscanos y el Sr. Marcelino Cusirimay de origen Chiquitano en el valle del r\u00edo Tu\u00edchi, aldea actual.<\/p>\n<div class=\"read-more-btn\"><a href=\"#\" class=\"read-more\">Leer mas ...<\/a><\/div><div class=\"more-block\"><\/p>\n<p>Sobre la fundaci\u00f3n de San Jos\u00e9 de Uchupiamonas, hemos o\u00eddo a nuestros padres y abuelos decir que la primera Misi\u00f3n estuvo ubicada en el sitio que desde hace mucho tiempo atr\u00e1s conocemos con el nombre de \u00abTullullani\u00bb (que significa lugar donde hay huesos, en quechua) y que se encuentra a una hora del actual pueblo navegando en lancha aguas arriba del r\u00edo Tu\u00edchi.<\/p>\n<p>El famoso escritor franc\u00e9s Alcides D\u00b4 Orbigny en su libro \u00abDescripci\u00f3n Geogr\u00e1fica, Hist\u00f3rica y Estad\u00edstica de Bolivia\u201d, dec\u00eda al respecto: \u201cSu morada no puede ser m\u00e1s agradable, pues parece que la naturaleza se hubiese complacido en derramar sus dones en aquellos lugares salvajes con una prodigiosidad digna de la tierra de promisi\u00f3n. El extranjero que llega a San Jos\u00e9, queda pasmado de admiraci\u00f3n al contemplar una vegetaci\u00f3n tan hermosa y la variedad de frutos que all\u00ed abundan\u00bb.\u00a0 (destacar la frase)<\/p>\n<p><\/div><div class=\"horizontalSeparator margin20\"><\/div>\n<h5>Historia de San Jos\u00e9 de Uchupiamonas<\/h5>\n<p>La historia de los ind\u00edgenas Uchupiamonas es muy dif\u00edcil de caracterizar en vista de que los registros no diferencian el particular proceso hist\u00f3rico de la comunidad con los relatos Tacana en general. En este contexto, recobramos lo expuesto en el texto \u00abEtnograf\u00eda Preliminar\u00bb, documento interno de&#8230;<\/p>\n<div class=\"read-more-btn\"><a href=\"#\" class=\"read-more\">Leer mas ...<\/a><\/div><div class=\"more-block\"><\/p>\n<p>Conservaci\u00f3n Internacional: El pueblo Tacana es considerado por la etnograf\u00eda cl\u00e1sica parte de la naci\u00f3n de los \u00abchunchos\u00bb, nombre asignado por los Incas y luego por los espa\u00f1oles a todos los grupos \u00e9tnicos que habitaban el espacio geogr\u00e1fico ubicado entre las \u00faltimas estribaciones de los Andes, las s\u00e1banas orientales y los bosques amaz\u00f3nicos. Tanto el Inca como el espa\u00f1ol consideraban a los \u00abchunchos\u00bb como parte de la naturaleza y por tanto, salvajes. Por otro lado, descripciones poco rigurosas tienen a esta extensa \u00e1rea intermedia entre los Andes y la Amazon\u00eda como \u00abTierra de Nadie\u00bb.<\/p>\n<p>Sin embargo por aportes de investigaciones recientes, se piensa que esta importante \u00e1rea constitu\u00eda el \u00abTaypi\u00bb o punto intermedio y de mediaci\u00f3n entre las tierras altas y bajas de los pueblos americanos (ROMERO BEDREGAL, 1967, 1989, SAIGNES 1985). Es as\u00ed que a partir de las contribuciones de la arqueolog\u00eda y avances de la etnograf\u00eda, es posible concluir ahora que los pueblos que habitaban estas \u00e1reas hab\u00edan desarrollado sociedades organizadas en peque\u00f1os grupos, que satisfac\u00edan sus necesidades primordiales a trav\u00e9s de actividades de caza, pesca, recolecci\u00f3n y cultivo de la yuca (Portugal Ortiz, 1978). Seg\u00fan la tradici\u00f3n oral Tacana, hubo relaciones m\u00e1s bien pac\u00edficas con los Incas: (&#8230;) lo que comprueba las \u00faltimas investigaciones que muestran una activa relaci\u00f3n comercial y social en ambas direcciones.<\/p>\n<p>Es as\u00ed que los cronistas espa\u00f1oles como Sarmiento de Gamboa y Garcilazo de la Vega, permiten concluir que fue el Inca Tupac Yupanqui, cuya dinast\u00eda dur\u00f3 de 1471 a 1494, quien dirigi\u00f3 las primeras incursiones Incas en territorios Tacanas y de otros grupos Arawak como los Moje\u00f1os. Posteriormente, el Inca Wayna K\u00e1pac habr\u00eda afianzado el dominio Inca que dur\u00f3 hasta la llegada de los espa\u00f1oles en 1540. (ROMERO BEDREGAL, 1989).<\/p>\n<p>La evidencia arqueol\u00f3gica confirma estos aciertos:<\/p>\n<p>Un aribalo Inca encontrado por un p\u00e1rroco de Rurrenabaque y procedente de Baba-Trau (No. 3141 MNA del Museo Nacional de Arqueolog\u00eda) es de estilo Inca innegable; lo mismo un hacha del mismo sitio (No. 862 MNA), met\u00e1lico (bronce con preponderancia de cobre). Al respecto Portugal (1978) opina: Su estilo incaico es innegable, siendo una prueba arqueol\u00f3gica que sirve para autentificar lo que dicen las cr\u00f3nicas y las historias sobre la penetraci\u00f3n incaica a las tierras bajas y tropicales.<\/p>\n<p>Posteriormente la tarea de conquista fue realizada por los espa\u00f1oles sirvi\u00e9ndose de religiosos franciscanos y jesuitas y no por las fuerzas militares de la Corona. Los primeros se introdujeron a la regi\u00f3n desde Apolo. (&#8230;) comenzaron su exitosa tarea en 1680 creando y gobernando las misiones de Apolobamba, que comprend\u00eda las misiones de San Jos\u00e9 de Uchupiamonas establecida en 1716, la de Trinidad de Jariapu o Tumupasa en 1713 y San Antonio de Isllamas en 1712. (ROMERO BEDREGAL, 1989).<\/p>\n<p>La documentaci\u00f3n consultada da cuenta de que los misioneros franciscanos, ante la resistencia hostil de los grupos ind\u00edgenas que habitaban las m\u00e1rgenes de los r\u00edos Tu\u00edchi, Yuriyapu y Turiyapu, se vieron obligados a secuestrar a algunos individuos de diferentes etnias (Tacana, Leco, Chama y Uchupiamona) para trasladarlos a la Misi\u00f3n de la Concepci\u00f3n de Apolobamba, fundada en el a\u00f1o de 1690 con 600 ind\u00edgenas que en m\u00e1s de un 70% eran Quechuas.<\/p>\n<p><\/div><div class=\"horizontalSeparator margin20\"><\/div>\n<p>Actividades socio econ\u00f3micas<\/p>\n<p>El pueblo ind\u00edgena de San Jos\u00e9 de Uchupiamonas ocupa un territorio ancestral en el norte del departamento de la Paz.\u00a0 La superficie total del territorio es de 210.056 hect\u00e1reas ubicadas dentro el Parque Nacional Madidi.<\/p>\n<div class=\"read-more-btn\"><a href=\"#\" class=\"read-more\">Leer mas ...<\/a><\/div><div class=\"more-block\"><\/p>\n<p>Actualmente, las\u00a0 v\u00edas de acceso a San Jos\u00e9 son por v\u00eda fluvial y terrestre. Por v\u00eda fluvial, el viaje Rurrenabaque-San Jos\u00e9 toma normalmente nueva horas en bote con motor fuera de borde (la comunidad no cuenta con motor fuera de borde); en balsa el viaje es riesgoso y toma tres d\u00edas. Por tierra existe un camino precario de Tumupasa a San Jos\u00e9 que tiene aproximadamente 30 km de recorrido, es riesgoso y no es accesible durante seis meses a causa de las lluvias. Adem\u00e1s los costes de transporte son tan altos que hacen econ\u00f3micamente inviable la comercializaci\u00f3n de los productos de San Jos\u00e9: La falta de confiabilidad del camino impide establecer compromisos comerciales.<\/p>\n<p>En cuanto a la econom\u00eda, se practican actividades de peque\u00f1as escalas econ\u00f3micas de substancia como; caza, pesca, agricultura y ganader\u00eda. El uso de los recursos naturales, especialmente madera, es para la construcci\u00f3n de las casas y la le\u00f1a de para uso diario como fuente de energ\u00eda para cocinar.<\/p>\n<p>La comunidad de San Jos\u00e9\u00a0 tiene como principales fuentes de ingreso los dividendos de la Empresa Chalalan, proyecto comunitario de ecoturismo reconocido al nivel internacional.<\/p>\n<p>Se realiz\u00f3 el \u201cPlan de Desarrollo y Gesti\u00f3n Territorial Ind\u00edgena de San Jos\u00e9 de Uchupiamonas\u201d (PDGTI-SJU) que tiene por objetiv\u00f3 sistematizar con claridad los sue\u00f1os de la poblaci\u00f3n en t\u00e9rminos de desarrollo humano, realizar un plan de uso de la tierra y ocupaci\u00f3n del territorio y manejo de recursos naturales. Evaluar las amenazas y dise\u00f1ar un programa que permita alcanzar tales sue\u00f1os y hacer frente a las amenazas.<\/p>\n<p>Con este documento la comunidad expreso su voluntad de continuar con sus usos y costumbres al nivel de la organizaci\u00f3n del pueblo y guardar su estilo tradicional \u00a0en las construcciones y obras.<\/p>\n<p>Mapa de zonificaci\u00f3n macro y puntos estrat\u00e9gicos del Plan de Desarrollo y Gesti\u00f3n Territorial Ind\u00edgena (PDGTI) de San Jos\u00e9 de Uchupiamonas<\/p>\n<p><img loading=\"lazy\" decoding=\"async\" class=\"aligncenter size-full wp-image-233\" alt=\"img\" src=\"http:\/\/sadirilodge.com\/wp-content\/uploads\/2013\/11\/img.jpg\" width=\"700\" height=\"913\" srcset=\"http:\/\/sadirilodge.com\/wp-content\/uploads\/2013\/11\/img.jpg 700w, http:\/\/sadirilodge.com\/wp-content\/uploads\/2013\/11\/img-230x300.jpg 230w\" sizes=\"auto, (max-width: 700px) 100vw, 700px\" \/><\/p>\n<p><\/div><div class=\"horizontalSeparator margin20\"><\/div>\n<h5>Instituciones<\/h5>\n<p>En la comunidad existen diferentes instituciones locales como:\u00a0 Pueblo Ind\u00edgena Uchupiamonas, Organizaci\u00f3n Territorial de Base (OTB), Corregimiento Territorial, Agente Cantonal, Comit\u00e9 C\u00edvico, Junta Escolar de Padres de Familia, Club de Madres, Comit\u00e9 de Deportes, Comit\u00e9 de Aguas, Comit\u00e9 de Turismo y Medio Ambiente.<\/p>\n<div class=\"horizontalSeparator margin20\"><\/div>\n<h5>Topograf\u00eda e hidrograf\u00eda<\/h5>\n<p>Se define la topograf\u00eda del pueblo como de peque\u00f1a meseta rodeada de quebradas y laderas dentro de un paisaje de serran\u00edas. La hidrograf\u00eda del lugar considera principalmente al r\u00edo Tu\u00edchi situado a 2 Km\u00a0 del pueblo en direcci\u00f3n sur, adem\u00e1s de diferentes arroyos cercanos, especialmente el r\u00edo Pavi y r\u00edo Uchupiama, a una distancia aproximada\u00a0 de 2 Km. hacia al oeste.<\/p>\n<div class=\"horizontalSeparator margin20\"><\/div>\n<h5>Clima y Temperatura<\/h5>\n<p>San Jos\u00e9 de Uchupiamonas se encuentra ubicado a 517 msnm. Seg\u00fan el Servicio Nacional de Meteorolog\u00eda e Hidrolog\u00eda de Bolivia (2002), la precipitaci\u00f3n anual es de 1.927 mm. La \u00e9poca de lluvias abarca los meses de noviembre a febrero y la \u00e9poca seca corresponde a los meses de mayo a octubre.<\/p>\n<div class=\"read-more-btn\"><a href=\"#\" class=\"read-more\">Leer mas ...<\/a><\/div><div class=\"more-block\"><\/p>\n<p>La temperatura promedio es de 25 \u00baC, las m\u00e1ximas temperaturas se alcanzan entre octubre y enero y pueden llegar a los 33 \u00baC, entre los meses de marzo a junio se presenta frentes fr\u00edos \u201csurazos\u201d que determinan un descenso de la temperatura hasta por debajo de los 10\u00baC y un brusco aumento de la humedad por ligeras precipitaciones.<\/p>\n<p><\/div><div class=\"horizontalSeparator margin20\"><\/div>\n","protected":false},"excerpt":{"rendered":"<p>Ubicaci\u00f3n del Pueblo Ind\u00edgena San Jos\u00e9 de Uchupiamonas El pueblo ind\u00edgena San Jos\u00e9 de Uchupiamonas cuenta con 116 familias, que representa un total de 750 habitantes (Fuente: PGTI Uchupiamonas 2009). Fundaci\u00f3n del pueblo de San Jos\u00e9 de Uchupiamonas El pueblo ind\u00edgena quechua-tacana pero cuyos habitantes se identifican como descendientes de la tribu Uchupiamonas, San Jos\u00e9 [&hellip;]<\/p>\n","protected":false},"author":4,"featured_media":0,"parent":0,"menu_order":0,"comment_status":"closed","ping_status":"closed","template":"","meta":{"_acf_changed":false,"footnotes":""},"class_list":["post-240","page","type-page","status-publish","hentry"],"acf":[],"_links":{"self":[{"href":"http:\/\/sadirilodge.com\/es\/wp-json\/wp\/v2\/pages\/240","targetHints":{"allow":["GET"]}}],"collection":[{"href":"http:\/\/sadirilodge.com\/es\/wp-json\/wp\/v2\/pages"}],"about":[{"href":"http:\/\/sadirilodge.com\/es\/wp-json\/wp\/v2\/types\/page"}],"author":[{"embeddable":true,"href":"http:\/\/sadirilodge.com\/es\/wp-json\/wp\/v2\/users\/4"}],"replies":[{"embeddable":true,"href":"http:\/\/sadirilodge.com\/es\/wp-json\/wp\/v2\/comments?post=240"}],"version-history":[{"count":4,"href":"http:\/\/sadirilodge.com\/es\/wp-json\/wp\/v2\/pages\/240\/revisions"}],"predecessor-version":[{"id":456,"href":"http:\/\/sadirilodge.com\/es\/wp-json\/wp\/v2\/pages\/240\/revisions\/456"}],"wp:attachment":[{"href":"http:\/\/sadirilodge.com\/es\/wp-json\/wp\/v2\/media?parent=240"}],"curies":[{"name":"wp","href":"https:\/\/api.w.org\/{rel}","templated":true}]}}