{"id":216,"date":"2013-11-29T09:11:13","date_gmt":"2013-11-29T09:11:13","guid":{"rendered":"http:\/\/sadirilodge.com\/?page_id=216"},"modified":"2014-01-23T12:50:35","modified_gmt":"2014-01-23T12:50:35","slug":"acerca-de-sadiri-lodge","status":"publish","type":"page","link":"http:\/\/sadirilodge.com\/es\/acerca-de-sadiri-lodge\/","title":{"rendered":"Acerca de Sadiri Lodge"},"content":{"rendered":"<h5>La historia del proyecto<\/h5>\n<p>Como todo, el proyecto nace como idea, y \u00e9ste naci\u00f3 el 05 de Mayo del 2008, cuando en la Gran Asamblea del Pueblo Ind\u00edgena San Jos\u00e9 de Uchupiamonas se presenta la propuesta de desarrollar turismo en la Serran\u00eda Sadiri. A partir de entonces las personas que concibieron la idea de este proyecto fueron Ruth Alipaz, Sandro Valdez y Bennett Hennessey, quienes trabajaron en los aspectos t\u00e9cnicos del mismo y las gestiones a nivel local para cumplir con todos los requisitos exigidos por las autoridades del Pueblo Ind\u00edgena San Jos\u00e9 de Uchupiamonas y el \u00c1rea Protegida Madidi fueron Sandro Valdez y Ruth Alipaz&#8230;<\/p>\n<div class=\"read-more-btn\"><a href=\"#\" class=\"read-more\">Leer mas ...<\/a><\/div><div class=\"more-block\"><\/p>\n<p>quienes pusieron todo su esfuerzo para lograr superar la resistencia que el proyecto encontr\u00f3 principalmente en algunas autoridades y algunos miembros de la poblaci\u00f3n as\u00ed como del Director del Parque de entonces, debido a que hab\u00edan intereses de una concesi\u00f3n de 31,000 ha para explotaci\u00f3n maderera a una empresa externa con capacidad econ\u00f3mica para poder ofrecer soluciones a las necesidades b\u00e1sicas del pueblo como un camino accesible y luz el\u00e9ctrica pero a ser pagados con la extracci\u00f3n de madera existente en el \u00e1rea de Yariapo hasta la serran\u00eda Sadiri.<\/p>\n<p>Pero el proyecto de conservaci\u00f3n de la Serran\u00eda Sadiri a trav\u00e9s del desarrollo de infraestructura tur\u00edstica Sadidi Lodge, ofrec\u00eda las mismas soluciones solo con un beneficio de largo plazo a trav\u00e9s de la conservaci\u00f3n y mantenimiento de la riqueza natural que tiene el pueblo en esta \u00e1rea, y que beneficiar\u00eda a las generaciones actuales y futuras en t\u00e9rminos econ\u00f3micos, ambientales y sociales que ofrece el turismo sostenible y responsable.<\/p>\n<p>En el proceso de cumplir con todos los requisitos que exig\u00edan las cuales inclu\u00edan estudios t\u00e9cnicos, perfil de proyecto, documentos legales, etc., las autoridades informaron que el Proyecto de Conservaci\u00f3n de la Serran\u00eda Sadiri a trav\u00e9s del Turismo Sostenible Sadiri Lodge no pod\u00eda ser aprobado debido a que el territorio del Pueblo Ind\u00edgena de San Jos\u00e9 de Uchupiamonas no contaba con una zonificaci\u00f3n que determine el uso y aprovechamiento de sus recursos y que el \u00e1rea que se pretend\u00eda aprovechar para turismo, posiblemente no era apto para esta actividad pese a que la propuesta se sustentaba en los resultados de un estudio de PhD. Peter Hosner que hacia comparaci\u00f3n de los bosques de pie de monte m\u00e1s saludables y diversos en Bolivia, y recomendaba el \u00e1rea de Sadiri como uno de los sitios con gran potencial para el turismo de observaci\u00f3n de aves por su gran diversidad y abundancia adem\u00e1s de su accesibilidad.<\/p>\n<p>Pero a nivel de las autoridades del pueblo quienes sosten\u00edan el argumento de no contar con un plan de uso del territorio, por otro lado ya presentaban la oferta de firmar un contrato de concesi\u00f3n maderera en una forma de intercambio de madera por camino y luz el\u00e9ctrica. En este punto, solicitamos a las autoridades que entre tanto no se cuente con una zonificaci\u00f3n del territorio no se hicieran concesiones de ning\u00fan tipo mientras el pueblo no designara las \u00e1reas de aprovechamiento en su territorio. Es as\u00ed que la comunidad y las autoridades gestionaron la elaboraci\u00f3n del Plan de Desarrollo y Gesti\u00f3n Territorial Ind\u00edgena de San Jos\u00e9 de Uchupiamonas, en el cual los interesados en la realizaci\u00f3n del proyecto Sadiri Lodge, entre los que se puede mencionar con mucha gratitud al Sr. Sandro Valdez, Ricardo Cuqui, Rosario Barradas, Yhovani Valdez, Rolando Cuqui, Teresa Morales, Marcelo Blanco y Ruth Alipaz, quienestuvieron que luchar para defender el \u00e1rea de Sadiri y lograr que la Serran\u00eda Sadiri fuera zonificada como Zona 1 Refugio Tur\u00edstico, que ahora t\u00e9cnicamente tiene vocaci\u00f3n tur\u00edstica y reservorio de agua dulce y fue aprobado en grande por el Pueblo Ind\u00edgena San Jos\u00e9 de Uchupiamonas en Septiembre de 2009.<\/p>\n<p>Una vez establecida la zonificaci\u00f3n del territorio del Pueblo, solicitamos nuevamente permiso para iniciar el proyecto de Sadiri Lodge, el mismo que siguiendo los usos y costumbres del pueblo fue sometido a consulta en su Gran Asamblea del 18 de Febrero de 2010 habiendo sido aprobado el mismo con amplio apoyo y votaci\u00f3n por aclamaci\u00f3n. Es as\u00ed que el 22 de Febrero de 2010 llega la carta de aprobaci\u00f3n de la autoridad del Directorio del Pueblo Ind\u00edgena San Jos\u00e9 de Uchupiamonas en la que textualmente dice: \u201cLa Asamblea mediante voto favorable aprob\u00f3 y otorg\u00f3 a la Empresa Madidi Ecolodge S. A. el \u00e1rea que corresponde a la Zona 1, zona de refugio tur\u00edstico, dentro del marco del Plan de Desarrollo de Gesti\u00f3n Territorial de San Jos\u00e9 de Uchupiamonas, para que puedan realizar actividad tur\u00edstica\u201d.<\/p>\n<p>Con ello se hab\u00eda logrado la protecci\u00f3n de casi 34,000 ha de bosque pr\u00edstino que inclu\u00eda la Serran\u00eda Sadiri, en cuyo lugar se ha desarrollado SADIDI LODGE.<\/p>\n<p>Inicialmente la idea del emprendimiento pensaba utilizar el nombre del Parque Madidi, por lo que se lo hab\u00eda denominado Madidi Ecolodge S. A. en un formato de organizaci\u00f3n comercial y privada, sin embargo por el significado ancestral del nombre del sitio donde se pensaba desarrollar el emprendimiento, los 76 socios que actualmente conforman la Asociaci\u00f3n Tur\u00edstica Sadiri Lodge decidieron cambiar el nombre de Madidi Ecolodge S.A. a Asociaci\u00f3n Tur\u00edstica Sadiri Lodge, y mantener el nombre ancestral del sitio de Sadiri para su emprendimiento. Por lo que el permiso al emprendimiento fue otorgado como Madidi Ecolodge.<\/p>\n<p><\/div><div class=\"horizontalSeparator margin20\"><\/div>\n<h5>\u00bfC\u00f3mo hicimos Sadiri Lodge?<\/h5>\n<p>Inicialmente, la idea de desarrollar turismo en Sadiri era de la Agencia de Turismo especializada en observaci\u00f3n de aves Bird Bolivia que tiene base en la ciudad de Santa Cruz de la Sierra, de propiedad de Ruth Alipaz quien es oriunda de San Jos\u00e9 de Uchupiamonas, pero se trataba de un emprendimiento peque\u00f1o y privado.<\/p>\n<div class=\"read-more-btn\"><a href=\"#\" class=\"read-more\">Leer mas ...<\/a><\/div><div class=\"more-block\"><\/p>\n<p>Y como parte de los objetivos de Bird Bolivia es apoyar a comunidades a trav\u00e9s de la promoci\u00f3n de sus sitios tur\u00edsticos, vendi\u00f3 un tour a una persona clave para la historia de Sadiri Lodge, una persona a la que tenemos que agradecer por su amor a la naturaleza y cree que es fundamental proteger los bosques saludables y ofrecer alternativas para su protecci\u00f3n como el Sr. Douglas James Wilson que visitaba el emprendimiento del Pueblo Ind\u00edgena San Jos\u00e9 de Uchupiamonas Chalalan Ecolodge. Esto le ha permitido ver la riqueza natural con bosques saludables y quer\u00eda contribuir a su conservaci\u00f3n.<\/p>\n<p>Luego de su visita a Chalalan visito el \u00e1rea de Sadiri para ver m\u00e1s de los bosques que el Pueblo Ind\u00edgena San Jos\u00e9 de Uchupiamonas ten\u00eda en su territorio, habiendo decidido que nuestra idea peque\u00f1a de construir una caba\u00f1a para 4 personas por la empresa Bird Bolivia era una idea de conservaci\u00f3n que el apoyar\u00eda siempre y cuando el pueblo recibiera un beneficio. Por lo que Bird Bolivia renuncio a su idea de un proyecto peque\u00f1o privado para convertirlo en un proyecto que involucre a las personas interesadas de la comunidad. De este modo, era fundamental encontrar una forma de recibir los fondos que el Sr. Douglas James Wilson hab\u00eda decidido donar a trav\u00e9s de su fundaci\u00f3n THOMAS HENRY WILSON FUNDATION para desarrollar el proyecto de conservaci\u00f3n de la Serran\u00eda Sadiri, para lo que tuvimos que organizar la FUNDACI\u00d3N PUEBLO NUEVO, una organizaci\u00f3n boliviana sin fines de lucro, que tiene objetivos mayores en t\u00e9rminos de apoyo a comunidades ind\u00edgenas y la conservaci\u00f3n, se convirti\u00f3 en la ejecutora del Proyecto de Conservaci\u00f3n de la Serran\u00eda Sadiri Lodge. Para ello fue tambi\u00e9n trascendental el apoyo de la WORLD LAND THRUST (WLT), que hizo posible la transferencia de los fondos a Bolivia con lo que ejecut\u00f3\u00a0 el proyecto de Sadiri Lodge desde Febrero de 2010.<\/p>\n<p><\/div><div class=\"horizontalSeparator margin20\"><\/div>\n<h5>\u00bfC\u00f3mo participa la comunidad en Sadiri Lodge?<\/h5>\n<p>La gente del Pueblo Ind\u00edgena San Jos\u00e9 de Uchupiamonas tiene una gran participaci\u00f3n en este emprendimiento siendo beneficiarios directos 75 socios de los cuales 40 son mujeres y 35 hombres que conforman la Asociaci\u00f3n Tur\u00edstica Sadiri Lodge, en un sistema de\u00a0 organizaci\u00f3n sin fines de lucro que tiene como objetivo \u201cContribuir a la protecci\u00f3n, preservaci\u00f3n y conservaci\u00f3n de la Madre Tierra a trav\u00e9s del turismo responsable, sostenible y de conservaci\u00f3n que se realizara mediante la actividad de turismo&#8230;<\/p>\n<div class=\"read-more-btn\"><a href=\"#\" class=\"read-more\">Leer mas ...<\/a><\/div><div class=\"more-block\"><\/p>\n<p>especializado en observaci\u00f3n de aves, de naturaleza y culturas vivas existentes en su Pueblo Ind\u00edgena San Jos\u00e9 de Uchupiamonas en el \u00e1rea denominado Zona 1 Refugio Tur\u00edstico con la actividad de brindar servicios tur\u00edsticos en su albergue Sadiri Lodge para mejorar las condiciones de vida de las familias del Pueblo Ind\u00edgena San Jos\u00e9 de Uchupiamonas.<\/p>\n<p>Brindar servicios de la actividad del turismo sostenible, responsable y de conservaci\u00f3n como principal herramienta para el desarrollo de largo plazo que busca la sostenibilidad al interior del Territorio de su Pueblo Ind\u00edgena San Jos\u00e9 de Uchupiamonas como medio para la preservaci\u00f3n, protecci\u00f3n y conservaci\u00f3n de la Madre Tierra que genere conocimiento, educaci\u00f3n\u00a0 y crecimiento socioecon\u00f3mico en el sitio denominado Sadiri brindando servicios tur\u00edsticos en su albergue Sadiri Lodge para beneficio y bienestar de las generaciones actuales y futuras.<\/p>\n<p>La ejecuci\u00f3n del proyecto se hizo con el 98% de mano de obra local de los 76 socios aportando cada uno con 25 d\u00edas de trabajo, material local, y actualmente personal de la comunidad en la operaci\u00f3n tur\u00edstica.<\/p>\n<p><\/div><div class=\"horizontalSeparator margin20\"><\/div>\n<h5>Nuestros Objetivos<b>\u00a0<\/b><\/h5>\n<p>El objetivo\u00a0principal de Sadiri Lodge\u00a0en el plazo inmediato, siendo una iniciativa econ\u00f3mica de la gente del Pueblo Ind\u00edgena San Jos\u00e9 de\u00a0Uchupiamonas, es cumplir con la\u00a0 misi\u00f3n de salvar un \u00e1rea de bosque cuya exuberante riqueza natural pone en amenaza su propia existencia.<\/p>\n<div class=\"read-more-btn\"><a href=\"#\" class=\"read-more\">Leer mas ...<\/a><\/div><div class=\"more-block\"><\/p>\n<p>Un bosque pr\u00edstino (puro) y diverso que\u00a0a pesar de estar protegido en el Parque Nacional Madidi, atrae\u00a0capitales econ\u00f3micos ajenos\u00a0cuyo objetivo es explotar sus maderas preciosas como la mara (<i>Swietenia macrophyllan<\/i>), el cedro (n.c) y otras especies, que encuentran su hogar en un \u00e1rea de m\u00e1s de 30,000 ha que es apetecido por la diversidad de su bosque que genera una inmensa diversidad de vida silvestre.<\/p>\n<p>El segundo objetivo es la necesidad de mejorar las condiciones de vida en\u00a0el corto y mediano plazo\u00a0de la gente ind\u00edgena de San Jos\u00e9 de Uchupiamonas, cuyos habitantes\u00a0mantienen una cultura ancestral de convivir en armon\u00eda con el bosque.\u00a0Crear facilidades de acceso permanente para la atenci\u00f3n de necesidades b\u00e1sicas como la salud, educaci\u00f3n, electricidad y comunicaci\u00f3n con centros urbanos, para disminuir la creciente vulnerabilidad de la cultura de conservar sus bosques en estado natural con que actualmente cuentan.<\/p>\n<p>El tercer objetivo\u00a0es generar mayores oportunidades de desarrollo socioecon\u00f3mico de largo plazo y su sostenibilidad a trav\u00e9s de la actividad del ecoturismo para la gente del Pueblo Ind\u00edgena San Jos\u00e9 de\u00a0Uchupiamonas. Contribuir a que su cultura, y la salud de los bosques, sean una forma de vida que genera bienestar actual y futura, mediante su aprovechamiento como recurso tur\u00edstico\u00a0con el desarrollo de trabajos complementarios para las mujeres y otras actividades econ\u00f3micas que aporten valor para su\u00a0consolidaci\u00f3n como centro tur\u00edstico del norte pace\u00f1o.<\/p>\n<p><\/div><div class=\"horizontalSeparator margin20\"><\/div>\n<h5>C\u00f3digos de conducta<\/h5>\n<p>C\u00f3digo de conducta de la empresa<\/p>\n<p>C\u00f3digo de conducta del personal<\/p>\n<p>C\u00f3digo de conducta del visitante<\/p>\n<div class=\"horizontalSeparator margin20\"><\/div>\n","protected":false},"excerpt":{"rendered":"<p>La historia del proyecto Como todo, el proyecto nace como idea, y \u00e9ste naci\u00f3 el 05 de Mayo del 2008, cuando en la Gran Asamblea del Pueblo Ind\u00edgena San Jos\u00e9 de Uchupiamonas se presenta la propuesta de desarrollar turismo en la Serran\u00eda Sadiri. A partir de entonces las personas que concibieron la idea de este [&hellip;]<\/p>\n","protected":false},"author":4,"featured_media":0,"parent":0,"menu_order":0,"comment_status":"closed","ping_status":"closed","template":"","meta":{"_acf_changed":false,"footnotes":""},"class_list":["post-216","page","type-page","status-publish","hentry"],"acf":[],"_links":{"self":[{"href":"http:\/\/sadirilodge.com\/es\/wp-json\/wp\/v2\/pages\/216","targetHints":{"allow":["GET"]}}],"collection":[{"href":"http:\/\/sadirilodge.com\/es\/wp-json\/wp\/v2\/pages"}],"about":[{"href":"http:\/\/sadirilodge.com\/es\/wp-json\/wp\/v2\/types\/page"}],"author":[{"embeddable":true,"href":"http:\/\/sadirilodge.com\/es\/wp-json\/wp\/v2\/users\/4"}],"replies":[{"embeddable":true,"href":"http:\/\/sadirilodge.com\/es\/wp-json\/wp\/v2\/comments?post=216"}],"version-history":[{"count":8,"href":"http:\/\/sadirilodge.com\/es\/wp-json\/wp\/v2\/pages\/216\/revisions"}],"predecessor-version":[{"id":452,"href":"http:\/\/sadirilodge.com\/es\/wp-json\/wp\/v2\/pages\/216\/revisions\/452"}],"wp:attachment":[{"href":"http:\/\/sadirilodge.com\/es\/wp-json\/wp\/v2\/media?parent=216"}],"curies":[{"name":"wp","href":"https:\/\/api.w.org\/{rel}","templated":true}]}}