{"id":177,"date":"2013-11-27T13:43:29","date_gmt":"2013-11-27T13:43:29","guid":{"rendered":"http:\/\/sadirilodge.com\/?page_id=177"},"modified":"2013-11-28T19:20:26","modified_gmt":"2013-11-28T19:20:26","slug":"tours-es","status":"publish","type":"page","link":"http:\/\/sadirilodge.com\/es\/tours-es\/","title":{"rendered":"Tours"},"content":{"rendered":"<p><img loading=\"lazy\" decoding=\"async\" class=\"alignright size-medium wp-image-161\" alt=\"Sadiri Rainforest Lodge Bolivia (39)\" src=\"http:\/\/sadirilodge.com\/wp-content\/uploads\/2013\/11\/Sadiri-Rainforest-Lodge-Bolivia-39-199x300.jpg\" width=\"199\" height=\"300\" srcset=\"http:\/\/sadirilodge.com\/wp-content\/uploads\/2013\/11\/Sadiri-Rainforest-Lodge-Bolivia-39-199x300.jpg 199w, http:\/\/sadirilodge.com\/wp-content\/uploads\/2013\/11\/Sadiri-Rainforest-Lodge-Bolivia-39.jpg 682w\" sizes=\"auto, (max-width: 199px) 100vw, 199px\" \/><\/p>\n<p>3 d\u00edas \/ 2 noches, programa \u201c Sambu\u201d<\/p>\n<p>4 d\u00edas\/ 3 noches, programa \u201c Pacha mama\u201d<\/p>\n<p>5 d\u00edas \/ 4 noches, Programa \u201c S\u00b4Hadiri\u201d<\/p>\n<h5>\u00bfQUE LLEVAR DURANTE EL TOUR?<\/h5>\n<ul>\n<li>Camisetas y\/o camisas con mangas largas y pantalones largos.<\/li>\n<li>Chaqueta delgada.<\/li>\n<li>Zapatos c\u00f3modos para caminar<\/li>\n<li>Botas de gomas si prefiere.<\/li>\n<li>Repelente.<\/li>\n<li>Sombrero.<\/li>\n<li>Binoculares.<\/li>\n<li>C\u00e1mara fotogr\u00e1fica<\/li>\n<\/ul>\n<p><a href=\"http:\/\/sadirilodge.com\/es\/tours-y-servicios\/\" class=\"back\">Volver<\/a><\/p>\n","protected":false},"excerpt":{"rendered":"<p>3 d\u00edas \/ 2 noches, programa \u201c Sambu\u201d 4 d\u00edas\/ 3 noches, programa \u201c Pacha mama\u201d 5 d\u00edas \/ 4 noches, Programa \u201c S\u00b4Hadiri\u201d \u00bfQUE LLEVAR DURANTE EL TOUR? Camisetas y\/o camisas con mangas largas y pantalones largos. Chaqueta delgada. Zapatos c\u00f3modos para caminar Botas de gomas si prefiere. Repelente. Sombrero. Binoculares. C\u00e1mara fotogr\u00e1fica Volver<\/p>\n","protected":false},"author":4,"featured_media":0,"parent":0,"menu_order":0,"comment_status":"closed","ping_status":"closed","template":"","meta":{"_acf_changed":false,"footnotes":""},"class_list":["post-177","page","type-page","status-publish","hentry"],"acf":[],"_links":{"self":[{"href":"http:\/\/sadirilodge.com\/es\/wp-json\/wp\/v2\/pages\/177","targetHints":{"allow":["GET"]}}],"collection":[{"href":"http:\/\/sadirilodge.com\/es\/wp-json\/wp\/v2\/pages"}],"about":[{"href":"http:\/\/sadirilodge.com\/es\/wp-json\/wp\/v2\/types\/page"}],"author":[{"embeddable":true,"href":"http:\/\/sadirilodge.com\/es\/wp-json\/wp\/v2\/users\/4"}],"replies":[{"embeddable":true,"href":"http:\/\/sadirilodge.com\/es\/wp-json\/wp\/v2\/comments?post=177"}],"version-history":[{"count":2,"href":"http:\/\/sadirilodge.com\/es\/wp-json\/wp\/v2\/pages\/177\/revisions"}],"predecessor-version":[{"id":192,"href":"http:\/\/sadirilodge.com\/es\/wp-json\/wp\/v2\/pages\/177\/revisions\/192"}],"wp:attachment":[{"href":"http:\/\/sadirilodge.com\/es\/wp-json\/wp\/v2\/media?parent=177"}],"curies":[{"name":"wp","href":"https:\/\/api.w.org\/{rel}","templated":true}]}}