{"id":173,"date":"2013-11-27T13:42:18","date_gmt":"2013-11-27T13:42:18","guid":{"rendered":"http:\/\/sadirilodge.com\/?page_id=173"},"modified":"2014-01-23T13:01:04","modified_gmt":"2014-01-23T13:01:04","slug":"actividades","status":"publish","type":"page","link":"http:\/\/sadirilodge.com\/es\/actividades\/","title":{"rendered":"Actividades"},"content":{"rendered":"<h5><img loading=\"lazy\" decoding=\"async\" class=\"alignright size-medium wp-image-159\" alt=\"Sadiri Rainforest Lodge Bolivia (21)\" src=\"http:\/\/sadirilodge.com\/wp-content\/uploads\/2013\/11\/Sadiri-Rainforest-Lodge-Bolivia-21-300x199.jpg\" width=\"300\" height=\"199\" srcset=\"http:\/\/sadirilodge.com\/wp-content\/uploads\/2013\/11\/Sadiri-Rainforest-Lodge-Bolivia-21-300x199.jpg 300w, http:\/\/sadirilodge.com\/wp-content\/uploads\/2013\/11\/Sadiri-Rainforest-Lodge-Bolivia-21-1024x682.jpg 1024w, http:\/\/sadirilodge.com\/wp-content\/uploads\/2013\/11\/Sadiri-Rainforest-Lodge-Bolivia-21-222x148.jpg 222w, http:\/\/sadirilodge.com\/wp-content\/uploads\/2013\/11\/Sadiri-Rainforest-Lodge-Bolivia-21-212x141.jpg 212w, http:\/\/sadirilodge.com\/wp-content\/uploads\/2013\/11\/Sadiri-Rainforest-Lodge-Bolivia-21.jpg 1280w\" sizes=\"auto, (max-width: 300px) 100vw, 300px\" \/><\/h5>\n<h5>\u00bfQu\u00e9 Observar? <b><\/b><\/h5>\n<p>El \u00e1rea de\u00a0Sadiri\u00a0Lodge, por la ubicaci\u00f3n del Lodge a una altitud de 900 msnm es un bosque de pie de\u00a0monte en\u00a0medio de la amazonia con clima agradable, abundante selva, diversidad de aves con m\u00e1s de 400 especies entre las que destacan la Military-Macaw (<i>Ara militaris<\/i>), nueve especies de b\u00fahos, tangaras, etc.; mam\u00edferos, insectos, reptiles, ar\u00e1cnidos, anfibios \u00a0y el end\u00e9mico Yungas Tyrannulet (<i>Phyllomyias weedeni<\/i>). El \u00e1rea protege\u00a0una extensi\u00f3n de aproximadamente 34,000 ha\u00a0convirti\u00e9ndose en una esperanza para contribuir a mejorar condiciones de vida y mantener la cultura conservacionista de su pueblo.<\/p>\n<h5>Lista de Aves.\u00a0Al son de la naturaleza<\/h5>\n<p>Entre las principales actividades que puede realizar durante su estad\u00eda en Sadiri Lodge son:<\/p>\n<ul>\n<li>Caminatas por los aproximadamente 25 Km de senderos dise\u00f1ados para la observaci\u00f3n de aves, m\u00e1s de 400 especies, y paisajes de exuberante bosque que rodean el \u00e1rea de Sadiri Lodge.<\/li>\n<li>Caminatas a salitrales para observaci\u00f3n de mam\u00edferos en Kullpana y una variedad de otros peque\u00f1os animales.<\/li>\n<li>Observar un mundo colorido de insectos, ar\u00e1cnidos, reptiles, anfibios y una variedad de mariposas que adornan el bosque del \u00e1rea de Sadiri.<\/li>\n<li>Observaci\u00f3n de mariposas nocturnas en el sendero a las caba\u00f1as.<\/li>\n<li>Caminatas nocturnas para ver vida silvestre que solo pueden ser observadas en horas de la noche.<\/li>\n<li>Posibilidad de observar las nueve especies de b\u00fahos existentes en el \u00e1rea de Sadiri.<\/li>\n<li>Recorridos por el camino ecol\u00f3gico que el Pueblo Ind\u00edgena San Jos\u00e9 de Uchupiamonas ha destinado para apreciar y admirar los mismos caminos que culturas ancestrales han recorrido en una \u00e9poca en que el intercambio de bienes entre las culturas de tierras altas y tierras bajas (Amazonia y Andes) fueron parte importante para nuestra historia actual.<\/li>\n<li>Disfrutar del suave murmullo de arroyos de aguas cristalinas que se encuentran en el trayecto del camino ecol\u00f3gico.<\/li>\n<li>Disfrutar de un chapuz\u00f3n en aguas frescas del arroyo Wabudajajaida o Paltuyuj.<\/li>\n<li>Aprender de la cultura Uchupiamonas el uso de recursos naturales para fabricaci\u00f3n de herramientas ind\u00edgenas.<\/li>\n<li>Aprender de la improvisaci\u00f3n en el uso de lianas y otros recursos naturales para sobrevivencia en el bosque.<\/li>\n<li>Transmisi\u00f3n de conocimientos en curaciones en caso de accidentes sin acceso a asistencia m\u00e9dica inmediata.<\/li>\n<li>Aprender del bosque, \u00e1rboles y sus usos como plantas medicinales y otros usos.<\/li>\n<li>Disfrutar de vistas de la extensi\u00f3n del territorio del Pueblo Ind\u00edgenas San Jos\u00e9 de Uchupiamonas desde los miradores de los senderos \u201cSambu\u201d y mirador natural Pishaki<\/li>\n<li>Escuchar historias sobre el cerro Wabudajajaida.<\/li>\n<li>Disfrutar de momentos de relax en la plataforma del comedor.<\/li>\n<li>Todo tipo de actividad relacionada a la vida rodeada de naturaleza.<\/li>\n<\/ul>\n<p><a class=\"back\" href=\"http:\/\/sadirilodge.com\/es\/tours-y-servicios\/\">Volver<\/a><\/p>\n","protected":false},"excerpt":{"rendered":"<p>\u00bfQu\u00e9 Observar? El \u00e1rea de\u00a0Sadiri\u00a0Lodge, por la ubicaci\u00f3n del Lodge a una altitud de 900 msnm es un bosque de pie de\u00a0monte en\u00a0medio de la amazonia con clima agradable, abundante selva, diversidad de aves con m\u00e1s de 400 especies entre las que destacan la Military-Macaw (Ara militaris), nueve especies de b\u00fahos, tangaras, etc.; mam\u00edferos, insectos, [&hellip;]<\/p>\n","protected":false},"author":4,"featured_media":0,"parent":0,"menu_order":0,"comment_status":"closed","ping_status":"closed","template":"","meta":{"_acf_changed":false,"footnotes":""},"class_list":["post-173","page","type-page","status-publish","hentry"],"acf":[],"_links":{"self":[{"href":"http:\/\/sadirilodge.com\/es\/wp-json\/wp\/v2\/pages\/173","targetHints":{"allow":["GET"]}}],"collection":[{"href":"http:\/\/sadirilodge.com\/es\/wp-json\/wp\/v2\/pages"}],"about":[{"href":"http:\/\/sadirilodge.com\/es\/wp-json\/wp\/v2\/types\/page"}],"author":[{"embeddable":true,"href":"http:\/\/sadirilodge.com\/es\/wp-json\/wp\/v2\/users\/4"}],"replies":[{"embeddable":true,"href":"http:\/\/sadirilodge.com\/es\/wp-json\/wp\/v2\/comments?post=173"}],"version-history":[{"count":3,"href":"http:\/\/sadirilodge.com\/es\/wp-json\/wp\/v2\/pages\/173\/revisions"}],"predecessor-version":[{"id":466,"href":"http:\/\/sadirilodge.com\/es\/wp-json\/wp\/v2\/pages\/173\/revisions\/466"}],"wp:attachment":[{"href":"http:\/\/sadirilodge.com\/es\/wp-json\/wp\/v2\/media?parent=173"}],"curies":[{"name":"wp","href":"https:\/\/api.w.org\/{rel}","templated":true}]}}