{"id":163,"date":"2013-11-27T13:38:15","date_gmt":"2013-11-27T13:38:15","guid":{"rendered":"http:\/\/sadirilodge.com\/?page_id=163"},"modified":"2014-01-23T12:59:50","modified_gmt":"2014-01-23T12:59:50","slug":"servicio","status":"publish","type":"page","link":"http:\/\/sadirilodge.com\/es\/servicio\/","title":{"rendered":"Servicio"},"content":{"rendered":"<p><img loading=\"lazy\" decoding=\"async\" class=\"alignright size-medium wp-image-156\" alt=\"073 Icterus icterus Sadiri_Bolivia by Daniel Alarcon\" src=\"http:\/\/sadirilodge.com\/wp-content\/uploads\/2013\/11\/073-Icterus-icterus-Sadiri_Bolivia-by-Daniel-Alarcon-300x200.jpg\" width=\"300\" height=\"200\" srcset=\"http:\/\/sadirilodge.com\/wp-content\/uploads\/2013\/11\/073-Icterus-icterus-Sadiri_Bolivia-by-Daniel-Alarcon-300x200.jpg 300w, http:\/\/sadirilodge.com\/wp-content\/uploads\/2013\/11\/073-Icterus-icterus-Sadiri_Bolivia-by-Daniel-Alarcon-1024x682.jpg 1024w, http:\/\/sadirilodge.com\/wp-content\/uploads\/2013\/11\/073-Icterus-icterus-Sadiri_Bolivia-by-Daniel-Alarcon-222x148.jpg 222w, http:\/\/sadirilodge.com\/wp-content\/uploads\/2013\/11\/073-Icterus-icterus-Sadiri_Bolivia-by-Daniel-Alarcon-212x141.jpg 212w, http:\/\/sadirilodge.com\/wp-content\/uploads\/2013\/11\/073-Icterus-icterus-Sadiri_Bolivia-by-Daniel-Alarcon.jpg 1600w\" sizes=\"auto, (max-width: 300px) 100vw, 300px\" \/><\/p>\n<h5>Facilidades<\/h5>\n<p>La infraestructura concebida, dise\u00f1ada, creada, y construida con estilo tradicional\u00a0ofrece\u00a0hospedaje en\u00a0un albergue confortable\u00a0con 6 caba\u00f1as con 12 camas,\u00a0ba\u00f1os privados, agua caliente,\u00a0gu\u00edas locales triling\u00fces especializados en observaci\u00f3n de aves,\u00a0y es\u00a0gestionada y administrada por ind\u00edgenas\u00a0del Pueblo de San Jos\u00e9 de Uchupiamonas,\u00a0y\u00a0a tan\u00a0solo tres horas\u00a0de\u00a0Rurrenabaque\u00a0v\u00eda terrestre, el centro urbano y tur\u00edstico de la amazonia de Bolivia.<\/p>\n<h5>Lo que usted disfruta<\/h5>\n<p>Para que pueda disfrutar de la exuberante belleza natural de\u00a0Sadiri, Sadiri\u00a0Lodge le ofrece facilidades, comodidades y servicios ajustados exactamente a su exigencia y necesidad:<\/p>\n<ul>\n<li>Servicio de\u00a0gu\u00edas nativos\u00a0triling\u00fces ingl\u00e9s-espa\u00f1ol-quechua\u00a0especializado en observaci\u00f3n de aves, naturaleza y cultura\u00a0Uchupiamonas.<\/li>\n<li>Disposici\u00f3n de equipos especializados para observaci\u00f3n de aves.<\/li>\n<li>Transporte\u00a0en c\u00f3modos veh\u00edculos 4&#215;4 con aire acondicionado Aeropuerto-Sadiri\u00a0Lodge-Aeropuerto.<\/li>\n<li>Hospedaje en caba\u00f1as rodeada de exuberante naturaleza\u00a0con amplias habitaciones con disposici\u00f3n de muebles para sus pertenencias y escritura o lectura.<\/li>\n<li>Luz el\u00e9ctrica desde las 06:00 a 08:00 y 17:00 a 22:00 horas.<\/li>\n<li>Disposici\u00f3n de linternas para cada visitante para horas de la noche en que no cuenta con electricidad.<\/li>\n<li>Agua embotellada o filtrada (para beber o cepillar los dientes).<\/li>\n<li>Ba\u00f1o privado con agua caliente mediante calefones a gas.<\/li>\n<li>Habitaciones con camas dobles confortables\u00a0semi-ortop\u00e9dicas adecuadas a\u00a0su estatura.<\/li>\n<li>Observaci\u00f3n de aves desde la plataforma del comedor con vista a un paisaje paradisiaco.<\/li>\n<li>Servicio de bar donde puede beber refrescantes jugos de frutas estacionales y bebidas con alcohol.<\/li>\n<li>Sistema el\u00e9ctrico para iluminaci\u00f3n de senderos\u00a0a caba\u00f1as\u00a0con conmutador que facilita su desplazamiento y apagado de luces desde el punto donde se encuentre.<\/li>\n<li>Sistema sanitario cuidando los requerimientos\u00a0ambientales en un \u00e1rea protegida.<\/li>\n<li>Disposici\u00f3n de veh\u00edculo para recorrido por el \u00e1rea de Refugio Tur\u00edstico y el camino ecol\u00f3gico del territorio del Pueblo Ind\u00edgena San Jos\u00e9 de\u00a0Uchupiamonas.<\/li>\n<li>Alimentaci\u00f3n completa seg\u00fan su preferencia (comida vegetariana y no vegetariana) y se combina la comida local con comida internacional. Todo cocinado con amor por nuestras chefs especialmente entrenadas de la comunidad de San Jos\u00e9 de Uchupiamonas.<\/li>\n<li>Snack\u00a0para caminatas.<\/li>\n<li>Disposici\u00f3n permanente de un \u00e1rea de caf\u00e9 en el comedor \u201cMicuna\u00a0Huasi\u201d.<\/li>\n<li>Servicio de desayuno en horario especializado para observadores de aves o el horario de su preferencia hasta horas 9:00 am.<\/li>\n<li>Tel\u00e9fono\u00a0para comunicaci\u00f3n en caso necesario.<\/li>\n<li>Staff\u00a0profesional\u00a0para ofrecerle un servicio con la calidad que se merece.<\/li>\n<\/ul>\n<p><a class=\"back\" href=\"http:\/\/sadirilodge.com\/es\/tours-y-servicios\/\">Volver<\/a><\/p>\n","protected":false},"excerpt":{"rendered":"<p>Facilidades La infraestructura concebida, dise\u00f1ada, creada, y construida con estilo tradicional\u00a0ofrece\u00a0hospedaje en\u00a0un albergue confortable\u00a0con 6 caba\u00f1as con 12 camas,\u00a0ba\u00f1os privados, agua caliente,\u00a0gu\u00edas locales triling\u00fces especializados en observaci\u00f3n de aves,\u00a0y es\u00a0gestionada y administrada por ind\u00edgenas\u00a0del Pueblo de San Jos\u00e9 de Uchupiamonas,\u00a0y\u00a0a tan\u00a0solo tres horas\u00a0de\u00a0Rurrenabaque\u00a0v\u00eda terrestre, el centro urbano y tur\u00edstico de la amazonia de Bolivia. Lo [&hellip;]<\/p>\n","protected":false},"author":4,"featured_media":0,"parent":0,"menu_order":0,"comment_status":"closed","ping_status":"closed","template":"","meta":{"_acf_changed":false,"footnotes":""},"class_list":["post-163","page","type-page","status-publish","hentry"],"acf":[],"_links":{"self":[{"href":"http:\/\/sadirilodge.com\/es\/wp-json\/wp\/v2\/pages\/163","targetHints":{"allow":["GET"]}}],"collection":[{"href":"http:\/\/sadirilodge.com\/es\/wp-json\/wp\/v2\/pages"}],"about":[{"href":"http:\/\/sadirilodge.com\/es\/wp-json\/wp\/v2\/types\/page"}],"author":[{"embeddable":true,"href":"http:\/\/sadirilodge.com\/es\/wp-json\/wp\/v2\/users\/4"}],"replies":[{"embeddable":true,"href":"http:\/\/sadirilodge.com\/es\/wp-json\/wp\/v2\/comments?post=163"}],"version-history":[{"count":4,"href":"http:\/\/sadirilodge.com\/es\/wp-json\/wp\/v2\/pages\/163\/revisions"}],"predecessor-version":[{"id":464,"href":"http:\/\/sadirilodge.com\/es\/wp-json\/wp\/v2\/pages\/163\/revisions\/464"}],"wp:attachment":[{"href":"http:\/\/sadirilodge.com\/es\/wp-json\/wp\/v2\/media?parent=163"}],"curies":[{"name":"wp","href":"https:\/\/api.w.org\/{rel}","templated":true}]}}