{"id":144,"date":"2013-11-27T12:57:44","date_gmt":"2013-11-27T12:57:44","guid":{"rendered":"http:\/\/sadirilodge.com\/?page_id=144"},"modified":"2017-10-03T08:57:23","modified_gmt":"2017-10-03T08:57:23","slug":"tours-y-servicios","status":"publish","type":"page","link":"http:\/\/sadirilodge.com\/es\/tours-y-servicios\/","title":{"rendered":"Tours y Servicios"},"content":{"rendered":"<h5>Nuestra garant\u00eda<\/h5>\n<ul>\n<li>Trabajamos con grupos peque\u00f1os pensando en su satisfacci\u00f3n y el cuidado del medio ambiente.<\/li>\n<li>Tenemos una gran experiencia y conocimiento de la selva porque nacimos y vivimos en ella.<\/li>\n<li>Le ofrecemos diversas oportunidades para conocer la amazonia boliviana, una de las selvas m\u00e1s pr\u00edstinas y mejores conservadas de Am\u00e9rica del Sur y del mundo.<\/li>\n<li>El hospedaje en caba\u00f1as y el comedor son de estilo tradicional de la cultura Quechua-Tacana y tienen luz el\u00e9ctrica que permiten recargas de equipos el\u00e9ctricos y electr\u00f3nicos.<\/li>\n<li>Nos informamos previamente de sus posibles problemas de salud para evitar alergias y cualquier condici\u00f3n de salud que usted tuviese.<\/li>\n<li>Tenemos a disposici\u00f3n veh\u00edculos para transporte en caso de emergencia al centro de salud m\u00e1s cercano a 20 minutos de Sadiri a Tumupasa.<\/li>\n<li>Servicio de lavander\u00eda en caso necesario por una contribuci\u00f3n m\u00ednima.<\/li>\n<li>Disposici\u00f3n de personal calificado para su atenci\u00f3n en los horarios que convengan a su inter\u00e9s de disfrutar de la naturaleza.<\/li>\n<li>Le proveemos botas de goma y poncho de lluvia cuando sea necesario.<\/li>\n<\/ul>\n<h5>\u00bfC\u00f3mo llegar a Sadiri Lodge?<\/h5>\n<p>SADIRI LODGE se encuentra ubicado en el Territorio del Pueblo Ind\u00edgena San Jos\u00e9 de Uchupiamonas al noroeste del departamento de La Paz y dentro del \u00c1rea Natural de Manejo Integrado y Parque Nacional Madidi.\u00a0 Para llegar a Sadiri es necesario llegar a Rurrenabaque, 410 kil\u00f3metros desde la ciudad La Paz. Desde Rurrenabaque se cruza el rio Beni a San Buenaventura y tomamos la carretera con veh\u00edculos 4&#215;4 con aire acondicionado para un viaje que dura entre dos horas hasta Tumupasa, de donde se toma el camino hacia San Jos\u00e9 de Uchupiamonas para subir cinco kil\u00f3metros hasta la cima de la Serran\u00eda Sadiri, donde se encuentra <b>Sadiri Lodge<\/b>.<\/p>\n<h5>Transporte<\/h5>\n<p>Ya sea v\u00eda terrestre o mediante vuelos de las aerolineas Amaszonas que tiene 5 vuelos diarios de La Paz-Rurrenabaque-La Paz y Trinidad-Rurrenabaque 6 veces a la semana o Transporte Aero Militar TAM 3 veces a la semana La Paz-Rurrenabaque-La Paz.<\/p>\n","protected":false},"excerpt":{"rendered":"<p>Nuestra garant\u00eda Trabajamos con grupos peque\u00f1os pensando en su satisfacci\u00f3n y el cuidado del medio ambiente. Tenemos una gran experiencia y conocimiento de la selva porque nacimos y vivimos en ella. Le ofrecemos diversas oportunidades para conocer la amazonia boliviana, una de las selvas m\u00e1s pr\u00edstinas y mejores conservadas de Am\u00e9rica del Sur y del [&hellip;]<\/p>\n","protected":false},"author":4,"featured_media":0,"parent":0,"menu_order":0,"comment_status":"closed","ping_status":"closed","template":"tours-and-services.php","meta":{"_acf_changed":false,"footnotes":""},"class_list":["post-144","page","type-page","status-publish","hentry"],"acf":[],"_links":{"self":[{"href":"http:\/\/sadirilodge.com\/es\/wp-json\/wp\/v2\/pages\/144","targetHints":{"allow":["GET"]}}],"collection":[{"href":"http:\/\/sadirilodge.com\/es\/wp-json\/wp\/v2\/pages"}],"about":[{"href":"http:\/\/sadirilodge.com\/es\/wp-json\/wp\/v2\/types\/page"}],"author":[{"embeddable":true,"href":"http:\/\/sadirilodge.com\/es\/wp-json\/wp\/v2\/users\/4"}],"replies":[{"embeddable":true,"href":"http:\/\/sadirilodge.com\/es\/wp-json\/wp\/v2\/comments?post=144"}],"version-history":[{"count":20,"href":"http:\/\/sadirilodge.com\/es\/wp-json\/wp\/v2\/pages\/144\/revisions"}],"predecessor-version":[{"id":543,"href":"http:\/\/sadirilodge.com\/es\/wp-json\/wp\/v2\/pages\/144\/revisions\/543"}],"wp:attachment":[{"href":"http:\/\/sadirilodge.com\/es\/wp-json\/wp\/v2\/media?parent=144"}],"curies":[{"name":"wp","href":"https:\/\/api.w.org\/{rel}","templated":true}]}}